{"id":78323,"date":"2024-05-31T14:55:05","date_gmt":"2024-05-31T14:55:05","guid":{"rendered":"https:\/\/www.azul.com\/your-undead-code-is-a-time-vampire\/"},"modified":"2025-02-05T18:02:28","modified_gmt":"2025-02-05T18:02:28","slug":"mit-azul-mehrwert-schaffen-koennen","status":"publish","type":"page","link":"https:\/\/www.azul.com\/de\/mit-azul-mehrwert-schaffen-koennen\/","title":{"rendered":"GERMAN WEBINAR LP FOR NICK"},"content":{"rendered":"\n\n\n<section    class=\"c-webinar-sign-up c-webinar-sign-up--color-dark c-webinar-sign-up--mt-default c-webinar-sign-up--mb-default c-webinar-sign-up--pt-default c-webinar-sign-up--pb-default c-webinar-sign-up--color-1 o-component o-component--color-dark o-component--mt-default o-component--mb-default o-component--pt-default o-component--pb-default\"\n\n            id=\"block_137ed6146f5a2b3713a685171ca71eb7\"\n    \n    >\n    \n    <div class=\"o-component__wrap\">\n        \n<div class=\"l-overlapping-sidebar\">\n    <div class=\"l-overlapping-sidebar__top\">\n        <div class=\"o-container\">\n            <div class=\"l-overlapping-sidebar__grid\">\n                <div class=\"l-overlapping-sidebar__grid-inner\">\n                                            \n  <div class=\"c-webinar-sign-up__hero-background o-image o-image--cover o-image--no-radius\">\n\n  <img class=\"o-image__image\" src=\"https:\/\/azul.imgix.net\/wp-content\/uploads\/New-Prime-Banner-2-1.jpg?auto=format&crop=faces,entropy&fit=max&q=80&s=144602f89338718f72f77b074bafa102\" alt=\"\" decoding=\"async\" loading=\"lazy\">\n\n\n  <\/div>\n                    \n                    <div class=\"c-webinar-sign-up__hero\">\n                        \n                                                    \n<h1  class=\"c-webinar-sign-up__hero-headline o-headline o-headline--h1 s-medium\"\n  style=\"--setting--color: #ffffff;\"  >\n  Erfahren Sie, wie Sie Kosten optimieren, Compliance sicherstellen und mit Azul Mehrwert schaffen k\u00f6nnen<\/h1>\n\n                                                    \n                        \n                        \n                                                    \n<h2  class=\"c-webinar-sign-up__hero-overline o-overline o-overline--pill\"\n  style=\"--setting--color: #d32559; --setting--overline-bg-color: #d32559; --setting--overline-text-color: #FFFFFF;\">\n  WEBINAR<\/h2>\n\n                                                                        <\/div>\n                <\/div>\n            <\/div>\n        <\/div>\n    <\/div>\n\n    <div class=\"l-overlapping-sidebar__left\">\n        <div class=\"o-container\">\n            <div class=\"l-overlapping-sidebar__grid\">\n                <div class=\"l-overlapping-sidebar__grid-inner\">\n                                                                        <div class=\"c-webinar-sign-up__panel\">\n                                \n    <div class=\"c-webinar-sign-up__details c-webinar-sign-up__details--hosts\">\n        \n<h3  class=\"o-headline o-headline--h5 s-medium\"\n    >\n  Hosted By<\/h3>\n\n                    <div class=\"c-webinar-sign-up__host\">\n                \n<div\n    class=\"c-webinar-sign-up__host-avatar o-avatar o-avatar--border-2\"\n>\n    \n  <div class=\"o-image o-image--fixed-aspect o-image--square\">\n\n  <img class=\"o-image__image\" src=\"https:\/\/azul.imgix.net\/wp-content\/uploads\/Profilbild-Portrat-Felix-scaled.jpg?auto=format&crop=faces,entropy&fit=max&q=80&s=b6a1eba5b4ce1499a52b006be65dc059\" alt=\"Felix Wawrzyniak\" decoding=\"async\" loading=\"lazy\">\n\n\n  <\/div>\n<\/div>\n\n                Felix Wawrzyniak                <br>\n                Kundenbetreuer DACH &amp; CEE bei Azul            <\/div>\n                    <div class=\"c-webinar-sign-up__host\">\n                \n<div\n    class=\"c-webinar-sign-up__host-avatar o-avatar o-avatar--border-2\"\n>\n    \n  <div class=\"o-image o-image--fixed-aspect o-image--square\">\n\n  <img class=\"o-image__image\" src=\"https:\/\/azul.imgix.net\/wp-content\/uploads\/Alexander-Ivanov.jpg?auto=format&crop=faces,entropy&fit=max&q=80&s=cf13ad1b81012d3183c04f1db30c7b84\" alt=\"Alexander Ivanov\" decoding=\"async\" loading=\"lazy\">\n\n\n  <\/div>\n<\/div>\n\n                Alexander Ivanov                <br>\n                Java-Kundenentwickler bei Azul            <\/div>\n            <\/div>\n\n\n                            <\/div>\n                                            \n                    <div class=\"c-webinar-sign-up__content\">\n                                                    \n<div  class=\"c-webinar-sign-up__details c-webinar-sign-up__details--description o-description o-description--body s-wysiwyg s-wysiwyg--description s-wysiwyg--checklist\"\n\n  style=\"--setting--color: #162241;\">\n  <p>Erfahren Sie von den Java-Experten von Azul, welche Auswirkungen Oracle\u2019s neues Java-Preismodell wirklich hat und wie Sie diese Herausforderungen erfolgreich meistern k\u00f6nnen.<\/p>\n<p>Durch die Umstellung auf ein mitarbeiterbasiertes Preismodell sind die Kosten f\u00fcr Oracle Java drastisch gestiegen. Unternehmen sind nun einem erh\u00f6hten Risiko von Audits und unerwartet hohen Lizenzgeb\u00fchren ausgesetzt \u2013 selbst wenige unbeabsichtigte Downloads k\u00f6nnen zu erheblichen Kosten f\u00fchren. Fast alle Unternehmen sind betroffen.<\/p>\n<p>&nbsp;<\/p>\n<p><strong>Benefits f\u00fcr Teilnehmer:<\/strong><\/p>\n<ul>\n<li>Die wahren Auswirkungen von Oracle\u2019s Java-Preis\u00e4nderungen \u2013 und wie Sie darauf reagieren k\u00f6nnen<\/li>\n<li>Die wichtigsten OpenJDK-Alternativen erkl\u00e4rt \u2013 verstehen Sie die Unterschiede<\/li>\n<li>Wie Sie nahtlos von Oracle Java migrieren \u2013 ohne Risiken<\/li>\n<\/ul>\n<\/div>\n                                            <\/div>\n                <\/div>\n            <\/div>\n        <\/div>\n    <\/div>\n\n    <div class=\"l-overlapping-sidebar__right\">\n        <div class=\"o-container\">\n            <div class=\"l-overlapping-sidebar__grid\">\n                <div class=\"l-overlapping-sidebar__grid-inner\">\n                    <div\n                        class=\"c-webinar-sign-up__form c-webinar-sign-up__form--background c-webinar-sign-up__form--shadow\"\n\n                                            >\n                        \n  \n  <script src=\"\/\/info.azul.com\/rs\/055-WYU-308\/images\/azul-form-translations-german.js\"><\/script>\n\n  <div\n    class=\"s-form-marketo s-form-marketo--button-style-solid s-form-marketo--hide-field-labels s-form-marketo--format-legal-text js-marketo-form\"\n\n    \n    data-form-number=\"1002\"\n    data-form-instance=\"1\"\n\n    \n      >\n          \n<h3  class=\"o-headline o-headline--left o-headline--h3 s-medium\"\n    >\n  Watch On-Demand<\/h3>\n    \n    <form id=\"mktoForm_1002\"><\/form>\n\n    <script class=\"js-marketo-form-data\" type=\"application\/json\">\n      {\"\":null,\"form_headline\":{\"headline\":\"<p>Watch On-Demand<\\\/p>\",\"headline_options\":{\"color\":\"\",\"size\":\"\",\"weight\":\"\",\"width\":\"\",\"gradient_text\":{\"use_gradient_text\":false,\"start_color\":\"\",\"end_color\":\"\"}}},\"form_number\":\"1002\",\"form_redirect_enabled\":true,\"redirect\":{\"title\":\"\",\"url\":\"https:\\\/\\\/www.azul.com\\\/de\\\/mit-azul-mehrwert-schaffen-koennen-2\\\/\",\"target\":\"\"},\"form_translation_disable\":false,\"zi_id\":\"\",\"zi_fields\":[\"Email\",\"FirstName\",\"LastName\",\"Phone\",\"Title\",\"Company\",\"Country\"],\"zi_lookup_field\":\"\",\"cookie_name\":\"\",\"cookie_redirect\":true,\"drift_playbook_campaign_id\":\"\",\"input\":{\"label_color\":null,\"placeholder_color\":null,\"text_color\":null,\"border_color\":null,\"background_color\":null},\"button\":{\"style\":\"solid\",\"color_primary\":null,\"color_secondary\":null,\"text_color\":null},\"language\":\"de\",\"marketo_domain\":\"info.azul.com\",\"munchkin_id\":\"055-WYU-308\",\"hide_field_labels\":true,\"format_legal_text\":true}    <\/script>\n  <\/div>\n                    <\/div>\n                <\/div>\n            <\/div>\n        <\/div>\n    <\/div>\n<\/div>\n\n      <\/div>\n<\/section>\n\n\n\n\n\n<section    class=\"c-section-head c-section-head--color-dark c-section-head--mt-lg c-section-head--mb-default c-section-head--pt-lg c-section-head--pb-default c-section-head--color-1 o-component o-component--color-dark o-component--mt-lg o-component--mb-default o-component--pt-lg o-component--pb-default\"\n\n            id=\"block_0c8bebb8f81356374ccefff05b971287\"\n    \n    >\n    \n    <div class=\"o-component__wrap\">\n                    <div class=\"o-container\">\n        \n\n\n          <\/div>\n      <\/div>\n<\/section>\n\n\n\n\n\n<section    class=\"c-full-width-image c-full-width-image--color-dark c-full-width-image--mt-default c-full-width-image--mb-lg c-full-width-image--pt-default c-full-width-image--pb-lg c-full-width-image--color-1 o-component o-component--color-dark o-component--mt-default o-component--mb-lg o-component--pt-default o-component--pb-lg\"\n\n            id=\"block_2d3003b8cce8caa8008e19ad1fe24b7c\"\n    \n    >\n    \n    <div class=\"o-component__wrap\">\n                    <div class=\"o-container\">\n        \n\n    \n    <span class=\"c-full-width-image__image c-full-width-image__image--background o-picture\">\n\n<picture>\n                        \n            \n            <source\n                media=\"(max-width: 425px)\"\n                srcset=\"https:\/\/azul.imgix.net\/wp-content\/uploads\/e190905f-logos-desktop_11hc08c000000000000028.png?auto=format&#038;crop=faces,entropy&#038;fit=max&#038;q=80&#038;w=377&#038;s=1e64da9d050a5e1485e9ccb607190b3f 1x, https:\/\/azul.imgix.net\/wp-content\/uploads\/e190905f-logos-desktop_11hc08c000000000000028.png?auto=format&#038;crop=faces,entropy&#038;fit=max&#038;q=80&#038;w=754&#038;s=1a79466706550b12352edd253577c930 2x\"\n            >\n                    \n            \n            <source\n                media=\"(max-width: 767px)\"\n                srcset=\"https:\/\/azul.imgix.net\/wp-content\/uploads\/e190905f-logos-desktop_11hc08c000000000000028.png?auto=format&#038;crop=faces,entropy&#038;fit=max&#038;q=80&#038;w=719&#038;s=cbb50446d494ee9c3c464faba66013d3 1x, https:\/\/azul.imgix.net\/wp-content\/uploads\/e190905f-logos-desktop_11hc08c000000000000028.png?auto=format&#038;crop=faces,entropy&#038;fit=max&#038;q=80&#038;w=1438&#038;s=efd730cb7bf222fdb7b201bf45af05ed 2x\"\n            >\n                    \n            \n            <source\n                media=\"(max-width: 1023px)\"\n                srcset=\"https:\/\/azul.imgix.net\/wp-content\/uploads\/e190905f-logos-desktop_11hc08c000000000000028.png?auto=format&#038;crop=faces,entropy&#038;fit=max&#038;q=80&#038;w=960&#038;s=cba23d0bc898fe02e3c431a629cc6b83 1x, https:\/\/azul.imgix.net\/wp-content\/uploads\/e190905f-logos-desktop_11hc08c000000000000028.png?auto=format&#038;crop=faces,entropy&#038;fit=max&#038;q=80&#038;w=1920&#038;s=a825b0593c85e6b8d8ae58fdf9346c52 2x\"\n            >\n                    \n            \n            <source\n                media=\"(max-width: 1440px)\"\n                srcset=\"https:\/\/azul.imgix.net\/wp-content\/uploads\/e190905f-logos-desktop_11hc08c000000000000028.png?auto=format&#038;crop=faces,entropy&#038;fit=max&#038;q=80&#038;w=1120&#038;s=f3d440307474791b6aeb5de0a784fd79 1x, https:\/\/azul.imgix.net\/wp-content\/uploads\/e190905f-logos-desktop_11hc08c000000000000028.png?auto=format&#038;crop=faces,entropy&#038;fit=max&#038;q=80&#038;w=2240&#038;s=e4e2e8a3a36fd57a04e094c173e9c699 2x\"\n            >\n            \n    <img alt=\"e190905f-logos-desktop_11hc08c000000000000028\" class=\"o-picture__image\" height=\"175\" loading=\"lazy\" onerror=\"this.onerror=null;this.srcset=&quot;https:\/\/www.azul.com\/wp-content\/uploads\/e190905f-logos-desktop_11hc08c000000000000028.png&quot;;while(this.parentNode.getElementsByTagName(&quot;source&quot;).length){this.parentNode.getElementsByTagName(&quot;source&quot;)[0].remove();}\" onload=\"if (this.parentNode.previousElementSibling) this.parentNode.previousElementSibling.remove()\" srcset=\"https:\/\/azul.imgix.net\/wp-content\/uploads\/e190905f-logos-desktop_11hc08c000000000000028.png?auto=format&#038;crop=faces,entropy&#038;fit=max&#038;q=80&#038;w=1120&#038;s=f3d440307474791b6aeb5de0a784fd79 1x, https:\/\/azul.imgix.net\/wp-content\/uploads\/e190905f-logos-desktop_11hc08c000000000000028.png?auto=format&#038;crop=faces,entropy&#038;fit=max&#038;q=80&#038;w=2240&#038;s=e4e2e8a3a36fd57a04e094c173e9c699 2x\" width=\"1120\">\n<\/picture>\n\n\n    <\/span>\n\n\n          <\/div>\n      <\/div>\n<\/section>\n","protected":false},"excerpt":{"rendered":"","protected":false},"author":73,"featured_media":78326,"parent":0,"menu_order":36,"comment_status":"closed","ping_status":"closed","template":"","meta":{"_acf_changed":true,"footnotes":""},"context_class":[],"class_list":["post-78323","page","type-page","status-publish","has-post-thumbnail","hentry"],"acf":{"enable_popup_form":false},"yoast_head":"<!-- This site is optimized with the Yoast SEO Premium plugin v27.4 (Yoast SEO v27.4) - https:\/\/yoast.com\/product\/yoast-seo-premium-wordpress\/ -->\n<title>Erfahren Sie, wie Sie Kosten optimieren, Compliance sicherstellen und mit Azul Mehrwert schaffen k\u00f6nnen<\/title>\n<meta name=\"description\" content=\"Erfahren Sie, wie Sie Kosten optimieren, Compliance sicherstellen und mit Azul Mehrwert schaffen k\u00f6nnen\" \/>\n<meta name=\"robots\" content=\"index, follow, max-snippet:-1, max-image-preview:large, max-video-preview:-1\" \/>\n<link rel=\"canonical\" href=\"https:\/\/www.azul.com\/de\/mit-azul-mehrwert-schaffen-koennen\/\" \/>\n<meta property=\"og:locale\" content=\"de_DE\" \/>\n<meta property=\"og:type\" content=\"article\" \/>\n<meta property=\"og:title\" content=\"GERMAN WEBINAR LP FOR NICK\" \/>\n<meta property=\"og:url\" content=\"https:\/\/www.azul.com\/de\/mit-azul-mehrwert-schaffen-koennen\/\" \/>\n<meta property=\"og:site_name\" content=\"Azul | Better Java Performance, Superior Java Support\" \/>\n<meta property=\"article:publisher\" content=\"https:\/\/www.facebook.com\/AzulSystemsInc\" \/>\n<meta property=\"article:modified_time\" content=\"2025-02-05T18:02:28+00:00\" \/>\n<meta property=\"og:image\" content=\"https:\/\/www.azul.com\/wp-content\/uploads\/image-1-2-1024x562.png\" \/>\n\t<meta property=\"og:image:width\" content=\"1024\" \/>\n\t<meta property=\"og:image:height\" content=\"562\" \/>\n\t<meta property=\"og:image:type\" content=\"image\/png\" \/>\n<meta name=\"twitter:card\" content=\"summary_large_image\" \/>\n<meta name=\"twitter:site\" content=\"@azulsystems\" \/>\n<meta name=\"twitter:label1\" content=\"Gesch\u00e4tzte Lesezeit\" \/>\n\t<meta name=\"twitter:data1\" content=\"1 Minute\" \/>\n<script type=\"application\/ld+json\" class=\"yoast-schema-graph\">{\"@context\":\"https:\\\/\\\/schema.org\",\"@graph\":[{\"@type\":\"WebPage\",\"@id\":\"https:\\\/\\\/www.azul.com\\\/de\\\/mit-azul-mehrwert-schaffen-koennen\\\/\",\"url\":\"https:\\\/\\\/www.azul.com\\\/de\\\/mit-azul-mehrwert-schaffen-koennen\\\/\",\"name\":\"Erfahren Sie, wie Sie Kosten optimieren, Compliance sicherstellen und mit Azul Mehrwert schaffen k\u00f6nnen\",\"isPartOf\":{\"@id\":\"https:\\\/\\\/www.azul.com\\\/#website\"},\"primaryImageOfPage\":{\"@id\":\"https:\\\/\\\/www.azul.com\\\/de\\\/mit-azul-mehrwert-schaffen-koennen\\\/#primaryimage\"},\"image\":{\"@id\":\"https:\\\/\\\/www.azul.com\\\/de\\\/mit-azul-mehrwert-schaffen-koennen\\\/#primaryimage\"},\"thumbnailUrl\":\"https:\\\/\\\/www.azul.com\\\/wp-content\\\/uploads\\\/image-1-2.png\",\"datePublished\":\"2024-05-31T14:55:05+00:00\",\"dateModified\":\"2025-02-05T18:02:28+00:00\",\"description\":\"Erfahren Sie, wie Sie Kosten optimieren, Compliance sicherstellen und mit Azul Mehrwert schaffen k\u00f6nnen\",\"breadcrumb\":{\"@id\":\"https:\\\/\\\/www.azul.com\\\/de\\\/mit-azul-mehrwert-schaffen-koennen\\\/#breadcrumb\"},\"inLanguage\":\"de-DE\",\"potentialAction\":[{\"@type\":\"ReadAction\",\"target\":[\"https:\\\/\\\/www.azul.com\\\/de\\\/mit-azul-mehrwert-schaffen-koennen\\\/\"]}]},{\"@type\":\"ImageObject\",\"inLanguage\":\"de-DE\",\"@id\":\"https:\\\/\\\/www.azul.com\\\/de\\\/mit-azul-mehrwert-schaffen-koennen\\\/#primaryimage\",\"url\":\"https:\\\/\\\/www.azul.com\\\/wp-content\\\/uploads\\\/image-1-2.png\",\"contentUrl\":\"https:\\\/\\\/www.azul.com\\\/wp-content\\\/uploads\\\/image-1-2.png\",\"width\":2946,\"height\":1618},{\"@type\":\"BreadcrumbList\",\"@id\":\"https:\\\/\\\/www.azul.com\\\/de\\\/mit-azul-mehrwert-schaffen-koennen\\\/#breadcrumb\",\"itemListElement\":[{\"@type\":\"ListItem\",\"position\":1,\"name\":\"Home\",\"item\":\"https:\\\/\\\/www.azul.com\\\/de\\\/\"},{\"@type\":\"ListItem\",\"position\":2,\"name\":\"GERMAN WEBINAR LP FOR NICK\"}]},{\"@type\":\"WebSite\",\"@id\":\"https:\\\/\\\/www.azul.com\\\/#website\",\"url\":\"https:\\\/\\\/www.azul.com\\\/\",\"name\":\"Azul | Better Java Performance, Superior Java Support\",\"description\":\"\",\"publisher\":{\"@id\":\"https:\\\/\\\/www.azul.com\\\/#organization\"},\"potentialAction\":[{\"@type\":\"SearchAction\",\"target\":{\"@type\":\"EntryPoint\",\"urlTemplate\":\"https:\\\/\\\/www.azul.com\\\/?s={search_term_string}\"},\"query-input\":{\"@type\":\"PropertyValueSpecification\",\"valueRequired\":true,\"valueName\":\"search_term_string\"}}],\"inLanguage\":\"de-DE\"},{\"@type\":\"Organization\",\"@id\":\"https:\\\/\\\/www.azul.com\\\/#organization\",\"name\":\"Azul\",\"alternateName\":\"Azul Systems\",\"url\":\"https:\\\/\\\/www.azul.com\\\/\",\"logo\":{\"@type\":\"ImageObject\",\"inLanguage\":\"de-DE\",\"@id\":\"https:\\\/\\\/www.azul.com\\\/#\\\/schema\\\/logo\\\/image\\\/\",\"url\":\"https:\\\/\\\/www.azul.com\\\/wp-content\\\/uploads\\\/2021\\\/01\\\/logo.svg\",\"contentUrl\":\"https:\\\/\\\/www.azul.com\\\/wp-content\\\/uploads\\\/2021\\\/01\\\/logo.svg\",\"width\":112,\"height\":48,\"caption\":\"Azul\"},\"image\":{\"@id\":\"https:\\\/\\\/www.azul.com\\\/#\\\/schema\\\/logo\\\/image\\\/\"},\"sameAs\":[\"https:\\\/\\\/www.facebook.com\\\/AzulSystemsInc\",\"https:\\\/\\\/x.com\\\/azulsystems\",\"https:\\\/\\\/www.youtube.com\\\/channel\\\/UCSoJZa--HhjV9iXtbHUmm8A\",\"https:\\\/\\\/www.linkedin.com\\\/company\\\/azul-systems\"]}]}<\/script>\n<!-- \/ Yoast SEO Premium plugin. -->","yoast_head_json":{"title":"Erfahren Sie, wie Sie Kosten optimieren, Compliance sicherstellen und mit Azul Mehrwert schaffen k\u00f6nnen","description":"Erfahren Sie, wie Sie Kosten optimieren, Compliance sicherstellen und mit Azul Mehrwert schaffen k\u00f6nnen","robots":{"index":"index","follow":"follow","max-snippet":"max-snippet:-1","max-image-preview":"max-image-preview:large","max-video-preview":"max-video-preview:-1"},"canonical":"https:\/\/www.azul.com\/de\/mit-azul-mehrwert-schaffen-koennen\/","og_locale":"de_DE","og_type":"article","og_title":"GERMAN WEBINAR LP FOR NICK","og_url":"https:\/\/www.azul.com\/de\/mit-azul-mehrwert-schaffen-koennen\/","og_site_name":"Azul | Better Java Performance, Superior Java Support","article_publisher":"https:\/\/www.facebook.com\/AzulSystemsInc","article_modified_time":"2025-02-05T18:02:28+00:00","og_image":[{"width":1024,"height":562,"url":"https:\/\/www.azul.com\/wp-content\/uploads\/image-1-2-1024x562.png","type":"image\/png"}],"twitter_card":"summary_large_image","twitter_site":"@azulsystems","twitter_misc":{"Gesch\u00e4tzte Lesezeit":"1 Minute"},"schema":{"@context":"https:\/\/schema.org","@graph":[{"@type":"WebPage","@id":"https:\/\/www.azul.com\/de\/mit-azul-mehrwert-schaffen-koennen\/","url":"https:\/\/www.azul.com\/de\/mit-azul-mehrwert-schaffen-koennen\/","name":"Erfahren Sie, wie Sie Kosten optimieren, Compliance sicherstellen und mit Azul Mehrwert schaffen k\u00f6nnen","isPartOf":{"@id":"https:\/\/www.azul.com\/#website"},"primaryImageOfPage":{"@id":"https:\/\/www.azul.com\/de\/mit-azul-mehrwert-schaffen-koennen\/#primaryimage"},"image":{"@id":"https:\/\/www.azul.com\/de\/mit-azul-mehrwert-schaffen-koennen\/#primaryimage"},"thumbnailUrl":"https:\/\/www.azul.com\/wp-content\/uploads\/image-1-2.png","datePublished":"2024-05-31T14:55:05+00:00","dateModified":"2025-02-05T18:02:28+00:00","description":"Erfahren Sie, wie Sie Kosten optimieren, Compliance sicherstellen und mit Azul Mehrwert schaffen k\u00f6nnen","breadcrumb":{"@id":"https:\/\/www.azul.com\/de\/mit-azul-mehrwert-schaffen-koennen\/#breadcrumb"},"inLanguage":"de-DE","potentialAction":[{"@type":"ReadAction","target":["https:\/\/www.azul.com\/de\/mit-azul-mehrwert-schaffen-koennen\/"]}]},{"@type":"ImageObject","inLanguage":"de-DE","@id":"https:\/\/www.azul.com\/de\/mit-azul-mehrwert-schaffen-koennen\/#primaryimage","url":"https:\/\/www.azul.com\/wp-content\/uploads\/image-1-2.png","contentUrl":"https:\/\/www.azul.com\/wp-content\/uploads\/image-1-2.png","width":2946,"height":1618},{"@type":"BreadcrumbList","@id":"https:\/\/www.azul.com\/de\/mit-azul-mehrwert-schaffen-koennen\/#breadcrumb","itemListElement":[{"@type":"ListItem","position":1,"name":"Home","item":"https:\/\/www.azul.com\/de\/"},{"@type":"ListItem","position":2,"name":"GERMAN WEBINAR LP FOR NICK"}]},{"@type":"WebSite","@id":"https:\/\/www.azul.com\/#website","url":"https:\/\/www.azul.com\/","name":"Azul | Better Java Performance, Superior Java Support","description":"","publisher":{"@id":"https:\/\/www.azul.com\/#organization"},"potentialAction":[{"@type":"SearchAction","target":{"@type":"EntryPoint","urlTemplate":"https:\/\/www.azul.com\/?s={search_term_string}"},"query-input":{"@type":"PropertyValueSpecification","valueRequired":true,"valueName":"search_term_string"}}],"inLanguage":"de-DE"},{"@type":"Organization","@id":"https:\/\/www.azul.com\/#organization","name":"Azul","alternateName":"Azul Systems","url":"https:\/\/www.azul.com\/","logo":{"@type":"ImageObject","inLanguage":"de-DE","@id":"https:\/\/www.azul.com\/#\/schema\/logo\/image\/","url":"https:\/\/www.azul.com\/wp-content\/uploads\/2021\/01\/logo.svg","contentUrl":"https:\/\/www.azul.com\/wp-content\/uploads\/2021\/01\/logo.svg","width":112,"height":48,"caption":"Azul"},"image":{"@id":"https:\/\/www.azul.com\/#\/schema\/logo\/image\/"},"sameAs":["https:\/\/www.facebook.com\/AzulSystemsInc","https:\/\/x.com\/azulsystems","https:\/\/www.youtube.com\/channel\/UCSoJZa--HhjV9iXtbHUmm8A","https:\/\/www.linkedin.com\/company\/azul-systems"]}]}},"_links":{"self":[{"href":"https:\/\/www.azul.com\/de\/wp-json\/wp\/v2\/pages\/78323","targetHints":{"allow":["GET"]}}],"collection":[{"href":"https:\/\/www.azul.com\/de\/wp-json\/wp\/v2\/pages"}],"about":[{"href":"https:\/\/www.azul.com\/de\/wp-json\/wp\/v2\/types\/page"}],"author":[{"embeddable":true,"href":"https:\/\/www.azul.com\/de\/wp-json\/wp\/v2\/users\/73"}],"replies":[{"embeddable":true,"href":"https:\/\/www.azul.com\/de\/wp-json\/wp\/v2\/comments?post=78323"}],"version-history":[{"count":0,"href":"https:\/\/www.azul.com\/de\/wp-json\/wp\/v2\/pages\/78323\/revisions"}],"wp:featuredmedia":[{"embeddable":true,"href":"https:\/\/www.azul.com\/de\/wp-json\/wp\/v2\/media\/78326"}],"wp:attachment":[{"href":"https:\/\/www.azul.com\/de\/wp-json\/wp\/v2\/media?parent=78323"}],"wp:term":[{"taxonomy":"context_class","embeddable":true,"href":"https:\/\/www.azul.com\/de\/wp-json\/wp\/v2\/context_class?post=78323"}],"curies":[{"name":"wp","href":"https:\/\/api.w.org\/{rel}","templated":true}]}}