{"id":90271,"date":"2026-01-27T17:53:50","date_gmt":"2026-01-27T17:53:50","guid":{"rendered":"https:\/\/www.azul.com\/?page_id=90271"},"modified":"2026-02-12T21:27:12","modified_gmt":"2026-02-12T21:27:12","slug":"state-of-java-2026","status":"publish","type":"page","link":"https:\/\/www.azul.com\/de\/state-of-java-2026\/","title":{"rendered":"State of Java 2026"},"content":{"rendered":"\n\n\n<section    class=\"c-hero-form-intro c-hero-form-intro--color-dark c-hero-form-intro--mt-default c-hero-form-intro--mb-default c-hero-form-intro--pt-default c-hero-form-intro--pb-default c-hero-form-intro--color-1 o-component o-component--color-dark o-component--mt-default o-component--mb-default o-component--pt-default o-component--pb-default\"\n\n            id=\"block_b996604bd7e4f239dbbdb04ff960cf18\"\n    \n    >\n    \n    <div class=\"o-component__wrap\">\n        \n<div class=\"l-overlapping-sidebar\">\n    <div class=\"l-overlapping-sidebar__top\">\n        <div class=\"o-container\">\n            <div class=\"l-overlapping-sidebar__grid\">\n                <div class=\"l-overlapping-sidebar__grid-inner\">\n                                            \n  <div class=\"c-hero-form-intro__hero-background o-image o-image--cover o-image--no-radius\">\n\n  <img class=\"o-image__image\" src=\"https:\/\/azul.imgix.net\/wp-content\/uploads\/SoJ26-Homepage-Banner-1440x525-1.png?auto=format&crop=faces,entropy&fit=max&q=80&s=4a4cf105f9ab7067f42d25c397b9bad4\" alt=\"\" decoding=\"async\" loading=\"lazy\">\n\n\n  <\/div>\n                    \n                    <div class=\"c-hero-form-intro__hero\">\n                        \n                                                    \n<h1  class=\"c-hero-form-intro__hero-headline o-headline o-headline--h1 o-headline--gradient-text s-medium\"\n  style=\"--setting--color: #ffffff; --setting--font-weight: 700; --setting--gradient-end-color: #75d9b3; --setting--gradient-start-color: #9473eb;\"  >\n  Umfrage und Bericht zum Zustand von Java im Jahr 2026<\/h1>\n\n                                                    \n                                                    \n<h2  class=\"c-hero-form-intro__hero-description o-description o-description--h4 s-wysiwyg s-wysiwyg--description\"\n\n  style=\"--setting--color: #ffffff;\">\n  <p>Erkenntnisse von \u00fcber 2.000 globalen Java-Nutzern enth\u00fcllen die Java-Trends f\u00fcr 2026, die die n\u00e4chste \u00c4ra der Innovation vorantreiben.<\/p>\n<\/h2>\n\n                                                    \n                                            <\/div>\n                <\/div>\n            <\/div>\n        <\/div>\n    <\/div>\n\n    <div class=\"l-overlapping-sidebar__right\">\n        <div class=\"o-container\">\n            <div class=\"l-overlapping-sidebar__grid\">\n                <div class=\"l-overlapping-sidebar__grid-inner\">\n                    <div\n                        class=\"c-hero-form-intro__form c-hero-form-intro__form--background c-hero-form-intro__form--shadow\"\n\n                        style=\"--setting--form-background-color: rgb(255,255,255);\"                    >\n                        \n  \n  <script src=\"\/\/info.azul.com\/rs\/055-WYU-308\/images\/azul-form-translations-german.js\"><\/script>\n\n  <div\n    class=\"s-form-marketo s-form-marketo--hero-form-intro s-form-marketo--button-style-gradient s-form-marketo--hide-field-labels s-form-marketo--format-legal-text js-marketo-form\"\n\n    style=\"--setting--form-input-label-color: rgb(107,119,150); --setting--form-input-placeholder-color: rgb(107,119,150); --setting--form-input-text-color: rgb(22,34,65); --setting--form-input-border-color: rgb(163,172,194); --setting--form-button-color-primary: rgb(139,43,124); --setting--form-button-color-secondary: rgb(153,57,190); --setting--form-button-text-color: rgb(255,255,255);\"\n    data-form-number=\"1308\"\n    data-form-instance=\"1\"\n\n    \n      >\n          \n<h3  class=\"o-headline o-headline--left o-headline--h4 s-medium\"\n  style=\"--setting--color: #162241;\"  >\n  Lesen Sie die Umfrage<\/h3>\n    \n    <form id=\"mktoForm_1308\"><\/form>\n\n    <script class=\"js-marketo-form-data\" type=\"application\/json\">\n      {\"\":null,\"form_headline\":{\"headline\":\"<p>Lesen Sie die Umfrage<\\\/p>\",\"headline_options\":{\"color\":\"#162241\",\"size\":\"h4\",\"weight\":\"\",\"width\":\"\",\"gradient_text\":{\"use_gradient_text\":false,\"start_color\":\"\",\"end_color\":\"\"}}},\"form_number\":\"1308\",\"form_redirect_enabled\":true,\"redirect\":{\"title\":\"\",\"url\":\"https:\\\/\\\/www.azul.com\\\/de\\\/state-of-java-2026-thank-you\\\/\",\"target\":\"\"},\"form_translation_disable\":false,\"zi_id\":\"\",\"zi_fields\":[\"Email\",\"FirstName\",\"LastName\",\"Phone\",\"Title\",\"Company\",\"Country\"],\"zi_lookup_field\":\"\",\"cookie_name\":\"\",\"cookie_redirect\":true,\"drift_playbook_campaign_id\":\"\",\"input\":{\"label_color\":\"rgb(107,119,150)\",\"placeholder_color\":\"rgb(107,119,150)\",\"text_color\":\"rgb(22,34,65)\",\"border_color\":\"rgb(163,172,194)\",\"background_color\":null},\"button\":{\"style\":\"gradient\",\"color_primary\":\"rgb(139,43,124)\",\"color_secondary\":\"rgb(153,57,190)\",\"text_color\":\"rgb(255,255,255)\"},\"language\":\"de\",\"marketo_domain\":\"info.azul.com\",\"munchkin_id\":\"055-WYU-308\",\"hide_field_labels\":true,\"format_legal_text\":true}    <\/script>\n  <\/div>\n                    <\/div>\n                <\/div>\n            <\/div>\n        <\/div>\n    <\/div>\n\n    <div class=\"l-overlapping-sidebar__left\">\n        <div class=\"o-container\">\n            <div class=\"l-overlapping-sidebar__grid\">\n                <div class=\"l-overlapping-sidebar__grid-inner\">\n                    <div class=\"c-hero-form-intro__intro\">\n                                                    \n  <div class=\"c-hero-form-intro__intro-image o-image\">\n\n  <img class=\"o-image__image\" src=\"https:\/\/azul.imgix.net\/wp-content\/uploads\/Version-1.png?auto=format&crop=faces,entropy&fit=max&q=80&s=b96f1acc354deea98f9353456d4c9c3a\" alt=\"\" decoding=\"async\" loading=\"lazy\">\n\n\n  <\/div>\n                        \n                        \n                                                    \n<div  class=\"c-hero-form-intro__intro-description o-description o-description--h5 s-wysiwyg s-wysiwyg--description\"\n\n  style=\"--setting--color: #162241;\">\n  <p>Die Unternehmenslandschaft ver\u00e4ndert sich im Jahr 2026 schneller als je zuvor, und das Java-\u00d6kosystem entwickelt sich weiterhin in einem Tempo, das es im Zentrum moderner Innovationen h\u00e4lt. KI gestaltet ganze Branchen neu, Cloud-Architekturen werden revolutioniert, und Unternehmen stehen unter zunehmendem Druck, mit h\u00f6herer Effizienz mehr zu leisten.<\/p>\n<p>In diesem Dokument erfahren Sie, wie:<\/p>\n<\/div>\n                        \n                        \n                                                    <div class=\"c-hero-form-intro__intro-features\" role=\"list\">\n                                                                                                            <div class=\"c-hero-form-intro__intro-feature\" role=\"listitem\">\n                                            KI-f\u00e4hige Weiterentwicklungen in der Java-Plattform erm\u00f6glichen es Teams, intelligente, skalierbare Anwendungen mit Zuversicht zu entwickeln und zu betreiben.                                        <\/div>\n                                                                                                                                                <div class=\"c-hero-form-intro__intro-feature\" role=\"listitem\">\n                                            Die Leistungssteigerungen durch Cloud-native Technologien erm\u00f6glichen eine schnellere Modernisierung, h\u00f6here Effizienz und reibungslosere Abl\u00e4ufe in verteilten Umgebungen.                                        <\/div>\n                                                                                                                                                <div class=\"c-hero-form-intro__intro-feature\" role=\"listitem\">\n                                            Eine leistungsstarke Java-Plattform ist eine der wichtigsten Strategien zur Reduzierung der Kosten f\u00fcr die \u00f6ffentliche Cloud.                                        <\/div>\n                                                                                                                                                <div class=\"c-hero-form-intro__intro-feature\" role=\"listitem\">\n                                            Toter und ungenutzter Code beeintr\u00e4chtigt schleichend die Produktivit\u00e4t im Bereich DevOps und vieles mehr&#8230;                                        <\/div>\n                                                                                                <\/div>\n                                            <\/div>\n                <\/div>\n            <\/div>\n        <\/div>\n    <\/div>\n<\/div>\n\n      <\/div>\n<\/section>\n\n\n\n\n\n<section    class=\"c-section-head c-section-head--color-dark c-section-head--mt-none c-section-head--mb-none c-section-head--pt-none c-section-head--pb-none c-section-head--color-1 o-component o-component--color-dark o-component--mt-none o-component--mb-none o-component--pt-none o-component--pb-none\"\n\n            id=\"block_6fd1b0c4a37941d76a781783d37eac76\"\n    \n    >\n    \n    <div class=\"o-component__wrap\">\n                    <div class=\"o-container\">\n        \n\n  <header class=\"o-section-head o-section-head--left o-section-head--color-dark o-section-head--ctas-standard\">\n    \n    \n    \n          \n<div  class=\"o-section-head__desc o-description o-description--h5 s-wysiwyg s-wysiwyg--description\"\n\n  >\n  <p>Laden Sie den Bericht herunter und erfahren Sie, warum die Zukunft von Java noch nie so vielversprechend war.<\/p>\n<\/div>\n    \n      <\/header>\n\n          <\/div>\n      <\/div>\n<\/section>\n\n\n\n\n\n<section    class=\"c-logos c-logos--color-dark c-logos--color-1 o-component o-component--color-dark\"\n\n            id=\"block_fc6d1a32fad9cf7bc8a94e095c3c9f80\"\n    \n    >\n    \n    <div class=\"o-component__wrap\">\n                    <div class=\"o-container\">\n        \n  \n  <header class=\"c-logos__section-head o-section-head o-section-head--center o-section-head--color-dark o-section-head--ctas-standard\">\n    \n    \n          \n<h2  class=\"o-section-head__headline o-headline o-headline--h4 s-medium\"\n    >\n  Azul bietet massive Skalierbarkeit und Leistung f\u00fcr<\/h2>\n\n          \n    \n      <\/header>\n\n  <div class=\"c-logos__grid c-logos__grid--autofill\">\n                  \n  <div class=\"c-logos__logo o-image o-image--contain o-image--max-height o-image--no-radius\">\n\n  <img class=\"o-image__image\" src=\"https:\/\/azul.imgix.net\/wp-content\/uploads\/adobe.png?auto=format&crop=faces,entropy&fit=max&q=80&s=61fe1ad975fd2a5d1685fb8f15483b87\" alt=\"\" decoding=\"async\" loading=\"lazy\">\n\n\n  <\/div>\n                        \n  <div class=\"c-logos__logo o-image o-image--contain o-image--max-height o-image--no-radius\">\n\n  <img class=\"o-image__image\" src=\"https:\/\/azul.imgix.net\/wp-content\/uploads\/lyft.png?auto=format&crop=faces,entropy&fit=max&q=80&s=3a43c1d807d44f45f19af5d4a98e7708\" alt=\"\" decoding=\"async\" loading=\"lazy\">\n\n\n  <\/div>\n                        \n  <div class=\"c-logos__logo o-image o-image--contain o-image--max-height o-image--no-radius\">\n\n  <img class=\"o-image__image\" src=\"https:\/\/azul.imgix.net\/wp-content\/uploads\/salesforce.png?auto=format&crop=faces,entropy&fit=max&q=80&s=c0ed1e1d187859387d25099f20cca01e\" alt=\"\" decoding=\"async\" loading=\"lazy\">\n\n\n  <\/div>\n                        \n  <div class=\"c-logos__logo o-image o-image--contain o-image--max-height o-image--no-radius\">\n\n  <img class=\"o-image__image\" src=\"https:\/\/azul.imgix.net\/wp-content\/uploads\/priceline.png?auto=format&crop=faces,entropy&fit=max&q=80&s=363332a99ae6cc4474cd2658f55f7a3f\" alt=\"\" decoding=\"async\" loading=\"lazy\">\n\n\n  <\/div>\n                        \n  <div class=\"c-logos__logo o-image o-image--contain o-image--max-height o-image--no-radius\">\n\n  <img class=\"o-image__image\" src=\"https:\/\/azul.imgix.net\/wp-content\/uploads\/starbucks.png?auto=format&crop=faces,entropy&fit=max&q=80&s=97a519fa9d4fbf9df69e4491985eb931\" alt=\"\" decoding=\"async\" loading=\"lazy\">\n\n\n  <\/div>\n                        \n  <div class=\"c-logos__logo o-image o-image--contain o-image--max-height o-image--no-radius\">\n\n  <img class=\"o-image__image\" src=\"https:\/\/azul.imgix.net\/wp-content\/uploads\/BoA.png?auto=format&crop=faces,entropy&fit=max&q=80&s=c17a0c98cd3513485c3f94322f5b2d2f\" alt=\"\" decoding=\"async\" loading=\"lazy\">\n\n\n  <\/div>\n                        \n  <div class=\"c-logos__logo o-image o-image--contain o-image--max-height o-image--no-radius\">\n\n  <img class=\"o-image__image\" src=\"https:\/\/azul.imgix.net\/wp-content\/uploads\/hsbc.png?auto=format&crop=faces,entropy&fit=max&q=80&s=db1dac8062ecfb632e52d55ae60fbace\" alt=\"\" decoding=\"async\" loading=\"lazy\">\n\n\n  <\/div>\n                        \n  <div class=\"c-logos__logo o-image o-image--contain o-image--max-height o-image--no-radius\">\n\n  <img class=\"o-image__image\" src=\"https:\/\/azul.imgix.net\/wp-content\/uploads\/mastercard.png?auto=format&crop=faces,entropy&fit=max&q=80&s=4a04bbaa7529c55a99d466a3346a80f9\" alt=\"\" decoding=\"async\" loading=\"lazy\">\n\n\n  <\/div>\n                        \n  <div class=\"c-logos__logo o-image o-image--contain o-image--max-height o-image--no-radius\">\n\n  <img class=\"o-image__image\" src=\"https:\/\/azul.imgix.net\/wp-content\/uploads\/workday.png?auto=format&crop=faces,entropy&fit=max&q=80&s=fb060d2c6f9a175cea6fd8f73173fc36\" alt=\"\" decoding=\"async\" loading=\"lazy\">\n\n\n  <\/div>\n                        \n  <div class=\"c-logos__logo o-image o-image--contain o-image--max-height o-image--no-radius\">\n\n  <img class=\"o-image__image\" src=\"https:\/\/azul.imgix.net\/wp-content\/uploads\/netflix.png?auto=format&crop=faces,entropy&fit=max&q=80&s=88e579daf230fbd743586f92b0eeb2d1\" alt=\"\" decoding=\"async\" loading=\"lazy\">\n\n\n  <\/div>\n            <\/div>\n\n          <\/div>\n      <\/div>\n<\/section>\n","protected":false},"excerpt":{"rendered":"","protected":false},"author":7,"featured_media":90088,"parent":0,"menu_order":6,"comment_status":"closed","ping_status":"closed","template":"templates\/no-nav.php","meta":{"_acf_changed":true,"footnotes":""},"context_class":[],"class_list":["post-90271","page","type-page","status-publish","has-post-thumbnail","hentry"],"acf":{"page_requires_cookie":false,"enable_popup_form":false,"nav_logo_alignment":"left"},"yoast_head":"<!-- This site is optimized with the Yoast SEO Premium plugin v26.7 (Yoast SEO v26.9) - https:\/\/yoast.com\/product\/yoast-seo-premium-wordpress\/ -->\n<title>State of Java 2026 - Azul | Better Java Performance, Superior Java Support<\/title>\n<meta name=\"description\" content=\"Erkenntnisse von \u00fcber 2.000 globalen Java-Nutzern enth\u00fcllen die Java-Trends f\u00fcr 2026, die die n\u00e4chste \u00c4ra der Innovation vorantreiben.\" \/>\n<meta name=\"robots\" content=\"index, follow, max-snippet:-1, max-image-preview:large, max-video-preview:-1\" \/>\n<link rel=\"canonical\" href=\"https:\/\/www.azul.com\/de\/state-of-java-2026\/\" \/>\n<meta property=\"og:locale\" content=\"de_DE\" \/>\n<meta property=\"og:type\" content=\"article\" \/>\n<meta property=\"og:title\" content=\"State of Java 2026\" \/>\n<meta property=\"og:url\" content=\"https:\/\/www.azul.com\/de\/state-of-java-2026\/\" \/>\n<meta property=\"og:site_name\" content=\"Azul | Better Java Performance, Superior Java Support\" \/>\n<meta property=\"article:publisher\" content=\"https:\/\/www.facebook.com\/AzulSystemsInc\" \/>\n<meta property=\"article:modified_time\" content=\"2026-02-12T21:27:12+00:00\" \/>\n<meta property=\"og:image\" content=\"https:\/\/www.azul.com\/wp-content\/uploads\/SoJ26-Display-Ad-LinkedIn-1200x628-1.png\" \/>\n\t<meta property=\"og:image:width\" content=\"1200\" \/>\n\t<meta property=\"og:image:height\" content=\"627\" \/>\n\t<meta property=\"og:image:type\" content=\"image\/png\" \/>\n<meta name=\"twitter:card\" content=\"summary_large_image\" \/>\n<meta name=\"twitter:site\" content=\"@azulsystems\" \/>\n<meta name=\"twitter:label1\" content=\"Gesch\u00e4tzte Lesezeit\" \/>\n\t<meta name=\"twitter:data1\" content=\"1 Minute\" \/>\n<script type=\"application\/ld+json\" class=\"yoast-schema-graph\">{\"@context\":\"https:\/\/schema.org\",\"@graph\":[{\"@type\":\"WebPage\",\"@id\":\"https:\/\/www.azul.com\/de\/state-of-java-2026\/\",\"url\":\"https:\/\/www.azul.com\/de\/state-of-java-2026\/\",\"name\":\"State of Java 2026 - Azul | Better Java Performance, Superior Java Support\",\"isPartOf\":{\"@id\":\"https:\/\/www.azul.com\/#website\"},\"primaryImageOfPage\":{\"@id\":\"https:\/\/www.azul.com\/de\/state-of-java-2026\/#primaryimage\"},\"image\":{\"@id\":\"https:\/\/www.azul.com\/de\/state-of-java-2026\/#primaryimage\"},\"thumbnailUrl\":\"https:\/\/www.azul.com\/wp-content\/uploads\/SoJ26-Display-Ad-LinkedIn-1200x628-1.png\",\"datePublished\":\"2026-01-27T17:53:50+00:00\",\"dateModified\":\"2026-02-12T21:27:12+00:00\",\"description\":\"Erkenntnisse von \u00fcber 2.000 globalen Java-Nutzern enth\u00fcllen die Java-Trends f\u00fcr 2026, die die n\u00e4chste \u00c4ra der Innovation vorantreiben.\",\"breadcrumb\":{\"@id\":\"https:\/\/www.azul.com\/de\/state-of-java-2026\/#breadcrumb\"},\"inLanguage\":\"de-DE\",\"potentialAction\":[{\"@type\":\"ReadAction\",\"target\":[\"https:\/\/www.azul.com\/de\/state-of-java-2026\/\"]}]},{\"@type\":\"ImageObject\",\"inLanguage\":\"de-DE\",\"@id\":\"https:\/\/www.azul.com\/de\/state-of-java-2026\/#primaryimage\",\"url\":\"https:\/\/www.azul.com\/wp-content\/uploads\/SoJ26-Display-Ad-LinkedIn-1200x628-1.png\",\"contentUrl\":\"https:\/\/www.azul.com\/wp-content\/uploads\/SoJ26-Display-Ad-LinkedIn-1200x628-1.png\",\"width\":1200,\"height\":627,\"caption\":\"Read the 2026 State of Java Survey & Report now\"},{\"@type\":\"BreadcrumbList\",\"@id\":\"https:\/\/www.azul.com\/de\/state-of-java-2026\/#breadcrumb\",\"itemListElement\":[{\"@type\":\"ListItem\",\"position\":1,\"name\":\"Home\",\"item\":\"https:\/\/www.azul.com\/de\/\"},{\"@type\":\"ListItem\",\"position\":2,\"name\":\"State of Java 2026\"}]},{\"@type\":\"WebSite\",\"@id\":\"https:\/\/www.azul.com\/#website\",\"url\":\"https:\/\/www.azul.com\/\",\"name\":\"Azul | Better Java Performance, Superior Java Support\",\"description\":\"\",\"publisher\":{\"@id\":\"https:\/\/www.azul.com\/#organization\"},\"potentialAction\":[{\"@type\":\"SearchAction\",\"target\":{\"@type\":\"EntryPoint\",\"urlTemplate\":\"https:\/\/www.azul.com\/?s={search_term_string}\"},\"query-input\":{\"@type\":\"PropertyValueSpecification\",\"valueRequired\":true,\"valueName\":\"search_term_string\"}}],\"inLanguage\":\"de-DE\"},{\"@type\":\"Organization\",\"@id\":\"https:\/\/www.azul.com\/#organization\",\"name\":\"Azul\",\"alternateName\":\"Azul Systems\",\"url\":\"https:\/\/www.azul.com\/\",\"logo\":{\"@type\":\"ImageObject\",\"inLanguage\":\"de-DE\",\"@id\":\"https:\/\/www.azul.com\/#\/schema\/logo\/image\/\",\"url\":\"https:\/\/www.azul.com\/wp-content\/uploads\/2021\/01\/logo.svg\",\"contentUrl\":\"https:\/\/www.azul.com\/wp-content\/uploads\/2021\/01\/logo.svg\",\"width\":112,\"height\":48,\"caption\":\"Azul\"},\"image\":{\"@id\":\"https:\/\/www.azul.com\/#\/schema\/logo\/image\/\"},\"sameAs\":[\"https:\/\/www.facebook.com\/AzulSystemsInc\",\"https:\/\/x.com\/azulsystems\",\"https:\/\/www.youtube.com\/channel\/UCSoJZa--HhjV9iXtbHUmm8A\",\"https:\/\/www.linkedin.com\/company\/azul-systems\"]}]}<\/script>\n<!-- \/ Yoast SEO Premium plugin. -->","yoast_head_json":{"title":"State of Java 2026 - Azul | Better Java Performance, Superior Java Support","description":"Erkenntnisse von \u00fcber 2.000 globalen Java-Nutzern enth\u00fcllen die Java-Trends f\u00fcr 2026, die die n\u00e4chste \u00c4ra der Innovation vorantreiben.","robots":{"index":"index","follow":"follow","max-snippet":"max-snippet:-1","max-image-preview":"max-image-preview:large","max-video-preview":"max-video-preview:-1"},"canonical":"https:\/\/www.azul.com\/de\/state-of-java-2026\/","og_locale":"de_DE","og_type":"article","og_title":"State of Java 2026","og_url":"https:\/\/www.azul.com\/de\/state-of-java-2026\/","og_site_name":"Azul | Better Java Performance, Superior Java Support","article_publisher":"https:\/\/www.facebook.com\/AzulSystemsInc","article_modified_time":"2026-02-12T21:27:12+00:00","og_image":[{"width":1200,"height":627,"url":"https:\/\/www.azul.com\/wp-content\/uploads\/SoJ26-Display-Ad-LinkedIn-1200x628-1.png","type":"image\/png"}],"twitter_card":"summary_large_image","twitter_site":"@azulsystems","twitter_misc":{"Gesch\u00e4tzte Lesezeit":"1 Minute"},"schema":{"@context":"https:\/\/schema.org","@graph":[{"@type":"WebPage","@id":"https:\/\/www.azul.com\/de\/state-of-java-2026\/","url":"https:\/\/www.azul.com\/de\/state-of-java-2026\/","name":"State of Java 2026 - Azul | Better Java Performance, Superior Java Support","isPartOf":{"@id":"https:\/\/www.azul.com\/#website"},"primaryImageOfPage":{"@id":"https:\/\/www.azul.com\/de\/state-of-java-2026\/#primaryimage"},"image":{"@id":"https:\/\/www.azul.com\/de\/state-of-java-2026\/#primaryimage"},"thumbnailUrl":"https:\/\/www.azul.com\/wp-content\/uploads\/SoJ26-Display-Ad-LinkedIn-1200x628-1.png","datePublished":"2026-01-27T17:53:50+00:00","dateModified":"2026-02-12T21:27:12+00:00","description":"Erkenntnisse von \u00fcber 2.000 globalen Java-Nutzern enth\u00fcllen die Java-Trends f\u00fcr 2026, die die n\u00e4chste \u00c4ra der Innovation vorantreiben.","breadcrumb":{"@id":"https:\/\/www.azul.com\/de\/state-of-java-2026\/#breadcrumb"},"inLanguage":"de-DE","potentialAction":[{"@type":"ReadAction","target":["https:\/\/www.azul.com\/de\/state-of-java-2026\/"]}]},{"@type":"ImageObject","inLanguage":"de-DE","@id":"https:\/\/www.azul.com\/de\/state-of-java-2026\/#primaryimage","url":"https:\/\/www.azul.com\/wp-content\/uploads\/SoJ26-Display-Ad-LinkedIn-1200x628-1.png","contentUrl":"https:\/\/www.azul.com\/wp-content\/uploads\/SoJ26-Display-Ad-LinkedIn-1200x628-1.png","width":1200,"height":627,"caption":"Read the 2026 State of Java Survey & Report now"},{"@type":"BreadcrumbList","@id":"https:\/\/www.azul.com\/de\/state-of-java-2026\/#breadcrumb","itemListElement":[{"@type":"ListItem","position":1,"name":"Home","item":"https:\/\/www.azul.com\/de\/"},{"@type":"ListItem","position":2,"name":"State of Java 2026"}]},{"@type":"WebSite","@id":"https:\/\/www.azul.com\/#website","url":"https:\/\/www.azul.com\/","name":"Azul | Better Java Performance, Superior Java Support","description":"","publisher":{"@id":"https:\/\/www.azul.com\/#organization"},"potentialAction":[{"@type":"SearchAction","target":{"@type":"EntryPoint","urlTemplate":"https:\/\/www.azul.com\/?s={search_term_string}"},"query-input":{"@type":"PropertyValueSpecification","valueRequired":true,"valueName":"search_term_string"}}],"inLanguage":"de-DE"},{"@type":"Organization","@id":"https:\/\/www.azul.com\/#organization","name":"Azul","alternateName":"Azul Systems","url":"https:\/\/www.azul.com\/","logo":{"@type":"ImageObject","inLanguage":"de-DE","@id":"https:\/\/www.azul.com\/#\/schema\/logo\/image\/","url":"https:\/\/www.azul.com\/wp-content\/uploads\/2021\/01\/logo.svg","contentUrl":"https:\/\/www.azul.com\/wp-content\/uploads\/2021\/01\/logo.svg","width":112,"height":48,"caption":"Azul"},"image":{"@id":"https:\/\/www.azul.com\/#\/schema\/logo\/image\/"},"sameAs":["https:\/\/www.facebook.com\/AzulSystemsInc","https:\/\/x.com\/azulsystems","https:\/\/www.youtube.com\/channel\/UCSoJZa--HhjV9iXtbHUmm8A","https:\/\/www.linkedin.com\/company\/azul-systems"]}]}},"_links":{"self":[{"href":"https:\/\/www.azul.com\/de\/wp-json\/wp\/v2\/pages\/90271","targetHints":{"allow":["GET"]}}],"collection":[{"href":"https:\/\/www.azul.com\/de\/wp-json\/wp\/v2\/pages"}],"about":[{"href":"https:\/\/www.azul.com\/de\/wp-json\/wp\/v2\/types\/page"}],"author":[{"embeddable":true,"href":"https:\/\/www.azul.com\/de\/wp-json\/wp\/v2\/users\/7"}],"replies":[{"embeddable":true,"href":"https:\/\/www.azul.com\/de\/wp-json\/wp\/v2\/comments?post=90271"}],"version-history":[{"count":0,"href":"https:\/\/www.azul.com\/de\/wp-json\/wp\/v2\/pages\/90271\/revisions"}],"wp:featuredmedia":[{"embeddable":true,"href":"https:\/\/www.azul.com\/de\/wp-json\/wp\/v2\/media\/90088"}],"wp:attachment":[{"href":"https:\/\/www.azul.com\/de\/wp-json\/wp\/v2\/media?parent=90271"}],"wp:term":[{"taxonomy":"context_class","embeddable":true,"href":"https:\/\/www.azul.com\/de\/wp-json\/wp\/v2\/context_class?post=90271"}],"curies":[{"name":"wp","href":"https:\/\/api.w.org\/{rel}","templated":true}]}}