{"id":84352,"date":"2025-05-23T15:08:49","date_gmt":"2025-05-23T15:08:49","guid":{"rendered":"https:\/\/www.azul.com\/high-performance-java-platform-guide\/"},"modified":"2025-06-25T21:21:26","modified_gmt":"2025-06-25T21:21:26","slug":"high-performance-java-platform-guide","status":"publish","type":"page","link":"https:\/\/www.azul.com\/fr\/high-performance-java-platform-guide\/","title":{"rendered":"High-Performance Java Platform Comparison Guide"},"content":{"rendered":"\n<p><a href=\"https:\/\/www.azul.com\/wp-admin\/profile.php\"><\/a><\/p>\n\n\n\n\n\n<section    class=\"c-hero-form-intro c-hero-form-intro--color-dark c-hero-form-intro--mt-default c-hero-form-intro--mb-default c-hero-form-intro--pt-default c-hero-form-intro--pb-default c-hero-form-intro--color-1 o-component o-component--color-dark o-component--mt-default o-component--mb-default o-component--pt-default o-component--pb-default\"\n\n            id=\"block_7e63f17ed00671447182e052c54e0cb0\"\n    \n    >\n    \n    <div class=\"o-component__wrap\">\n        \n<div class=\"l-overlapping-sidebar\">\n    <div class=\"l-overlapping-sidebar__top\">\n        <div class=\"o-container\">\n            <div class=\"l-overlapping-sidebar__grid\">\n                <div class=\"l-overlapping-sidebar__grid-inner\">\n                                            \n  <div class=\"c-hero-form-intro__hero-background o-image o-image--cover o-image--no-radius\">\n\n  <img class=\"o-image__image\" src=\"https:\/\/azul.imgix.net\/wp-content\/uploads\/High-Performance-Comparison-LP-Header-1440x525-1.png?auto=format&crop=faces,entropy&fit=max&q=80&s=097a0092c907d65450ba603252d47bfe\" alt=\"\" decoding=\"async\" loading=\"lazy\">\n\n\n  <\/div>\n                    \n                    <div class=\"c-hero-form-intro__hero\">\n                                                    \n  <div class=\"c-hero-form-intro__hero-icon o-image o-image--auto-width o-image--no-radius\">\n\n  <img class=\"o-image__image\" src=\"https:\/\/azul.imgix.net\/wp-content\/uploads\/HPJP-Comparison-Medium-Rectangle-300x250-2.jpg?auto=format&crop=faces,entropy&fit=max&q=80&s=579b7ac9264dd981da58507fd2288d23\" alt=\"\" decoding=\"async\" loading=\"lazy\">\n\n\n  <\/div>\n                        \n                                                    \n<h1  class=\"c-hero-form-intro__hero-headline o-headline o-headline--h1 o-headline--gradient-text s-medium\"\n  style=\"--setting--color: #ffffff; --setting--font-weight: 700; --setting--gradient-end-color: #fbc8ff; --setting--gradient-start-color: #fbc8ff;\"  >\n  Choix de la plateforme Java \u00e0 hautes performances appropri\u00e9e<\/h1>\n\n                                                    \n                                                    \n<h2  class=\"c-hero-form-intro__hero-description o-description o-description--h4 s-wysiwyg s-wysiwyg--description\"\n\n  style=\"--setting--color: #ffffff;\">\n  <p><br data-mce-bogus=\"1\"><\/p>\n<\/h2>\n\n                                                    \n                                            <\/div>\n                <\/div>\n            <\/div>\n        <\/div>\n    <\/div>\n\n    <div class=\"l-overlapping-sidebar__right\">\n        <div class=\"o-container\">\n            <div class=\"l-overlapping-sidebar__grid\">\n                <div class=\"l-overlapping-sidebar__grid-inner\">\n                    <div\n                        class=\"c-hero-form-intro__form c-hero-form-intro__form--background c-hero-form-intro__form--shadow\"\n\n                        style=\"--setting--form-background-color: rgb(20,23,26);\"                    >\n                        \n  \n  <script src=\"\/\/info.azul.com\/rs\/055-WYU-308\/images\/azul-form-translations-french.js\"><\/script>\n\n  <div\n    class=\"s-form-marketo s-form-marketo--hero-form-intro s-form-marketo--button-style-solid s-form-marketo--hide-field-labels s-form-marketo--format-legal-text js-marketo-form\"\n\n    style=\"--setting--form-input-label-color: rgb(255,255,255); --setting--form-input-placeholder-color: rgba(255,255,255,0.61); --setting--form-input-text-color: rgb(255,255,255); --setting--form-input-border-color: rgba(255,255,255,0.29); --setting--form-input-background-color: rgb(20,23,26); --setting--form-button-color-primary: rgb(24,167,167); --setting--form-button-color-secondary: rgb(3,94,94); --setting--form-button-text-color: rgb(255,255,255);\"\n    data-form-number=\"1334\"\n    data-form-instance=\"1\"\n\n    \n      >\n          \n<h3  class=\"o-headline o-headline--left o-headline--h4 s-medium\"\n  style=\"--setting--color: #ffffff;\"  >\n  T\u00e9l\u00e9chargement du guide<\/h3>\n    \n    <form id=\"mktoForm_1334\"><\/form>\n\n    <script class=\"js-marketo-form-data\" type=\"application\/json\">\n      {\"\":null,\"form_headline\":{\"headline\":\"<p>T\\u00e9l\\u00e9chargement du guide<\\\/p>\",\"headline_options\":{\"color\":\"#ffffff\",\"size\":\"h4\",\"weight\":\"\",\"width\":\"\",\"gradient_text\":{\"use_gradient_text\":false,\"start_color\":\"\",\"end_color\":\"\"}}},\"form_number\":\"1334\",\"form_redirect_enabled\":true,\"redirect\":{\"title\":\"\",\"url\":\"https:\\\/\\\/www.azul.com\\\/fr\\\/hpjp-comparison-thank-you\\\/\",\"target\":\"\"},\"form_translation_disable\":false,\"zi_id\":\"\",\"zi_fields\":[],\"zi_lookup_field\":\"\",\"cookie_name\":\"\",\"cookie_redirect\":true,\"drift_playbook_campaign_id\":\"\",\"input\":{\"label_color\":\"rgb(255,255,255)\",\"placeholder_color\":\"rgba(255,255,255,0.61)\",\"text_color\":\"rgb(255,255,255)\",\"border_color\":\"rgba(255,255,255,0.29)\",\"background_color\":\"rgb(20,23,26)\"},\"button\":{\"style\":\"solid\",\"color_primary\":\"rgb(24,167,167)\",\"color_secondary\":\"rgb(3,94,94)\",\"text_color\":\"rgb(255,255,255)\"},\"language\":\"fr\",\"marketo_domain\":\"info.azul.com\",\"munchkin_id\":\"055-WYU-308\",\"hide_field_labels\":true,\"format_legal_text\":true}    <\/script>\n  <\/div>\n                    <\/div>\n                <\/div>\n            <\/div>\n        <\/div>\n    <\/div>\n\n    <div class=\"l-overlapping-sidebar__left\">\n        <div class=\"o-container\">\n            <div class=\"l-overlapping-sidebar__grid\">\n                <div class=\"l-overlapping-sidebar__grid-inner\">\n                    <div class=\"c-hero-form-intro__intro\">\n                                                    \n  <div class=\"c-hero-form-intro__intro-image o-image\">\n\n  <img class=\"o-image__image\" src=\"https:\/\/azul.imgix.net\/wp-content\/uploads\/HPJP-Comparison-Medium-Rectangle-300x250-2.jpg?auto=format&crop=faces,entropy&fit=max&q=80&s=579b7ac9264dd981da58507fd2288d23\" alt=\"\" decoding=\"async\" loading=\"lazy\">\n\n\n  <\/div>\n                        \n                        \n                                                    \n<div  class=\"c-hero-form-intro__intro-description o-description o-description--h5 s-wysiwyg s-wysiwyg--description\"\n\n  style=\"--setting--color: #162241;\">\n  <p>Java est pr\u00e9sente partout, et les mani\u00e8res d\u2019ex\u00e9cuter vos applications Java n\u2019ont jamais \u00e9t\u00e9 aussi nombreuses.\u00a0Avec un \u00e9cosyst\u00e8me croissant de plateformes bas\u00e9es sur OpenJDK telles qu\u2019Oracle Java, Amazon Corretto et Azul Zulu, la plupart des options se comportent de la m\u00eame mani\u00e8re. Une nouvelle g\u00e9n\u00e9ration de plates-formes Java \u00e0 hautes performances change toutefois la donne. Dans ce guide de comparaison, nous explorerons ce qui distingue les diff\u00e9rentes plateformes Java et comment choisir celle qui convient \u00e0 votre parc Java.<\/p>\n<p>Dans ce guide, vous d\u00e9couvrirez\u00a0:<\/p>\n<\/div>\n                        \n                        \n                                                    <div class=\"c-hero-form-intro__intro-features\" role=\"list\">\n                                                                                                            <div class=\"c-hero-form-intro__intro-feature\" role=\"listitem\">\n                                            Pourquoi les distributions traditionnelles OpenJDK ne r\u00e9pondent pas aux exigences de performance modernes                                        <\/div>\n                                                                                                                                                <div class=\"c-hero-form-intro__intro-feature\" role=\"listitem\">\n                                            Ce qui d\u00e9finit une plateforme Java \u00e0 hautes performances \u2013 et quels fournisseurs sont \u00e0 l\u2019avant-garde                                        <\/div>\n                                                                                                                                                <div class=\"c-hero-form-intro__intro-feature\" role=\"listitem\">\n                                            Comment faire correspondre les capacit\u00e9s de la plateforme aux objectifs commerciaux, de l\u2019am\u00e9lioration de l\u2019exp\u00e9rience utilisateur \u00e0 la r\u00e9duction des co\u00fbts du cloud                                        <\/div>\n                                                                                                <\/div>\n                                            <\/div>\n                <\/div>\n            <\/div>\n        <\/div>\n    <\/div>\n<\/div>\n\n      <\/div>\n<\/section>\n\n\n\n\n\n<section    class=\"c-logos c-logos--color-dark c-logos--color-1 o-component o-component--color-dark\"\n\n            id=\"block_6bef29444e5ced7ae0f57bed3a8a56c2\"\n    \n    >\n    \n    <div class=\"o-component__wrap\">\n                    <div class=\"o-container\">\n        \n  \n  <header class=\"c-logos__section-head o-section-head o-section-head--center o-section-head--color-dark o-section-head--ctas-standard\">\n    \n    \n          \n<h2  class=\"o-section-head__headline o-headline o-headline--h4 s-medium\"\n    >\n  Azul offre une \u00e9volutivit\u00e9 et des performances massives \u00e0<\/h2>\n\n          \n          \n<div  class=\"o-section-head__desc o-description o-description--body s-wysiwyg s-wysiwyg--description\"\n\n  >\n  <p><br data-mce-bogus=\"1\"><\/p>\n<\/div>\n    \n      <\/header>\n\n  <div class=\"c-logos__grid c-logos__grid--autofill\">\n                  \n  <div class=\"c-logos__logo o-image o-image--contain o-image--max-height o-image--no-radius\">\n\n  <img class=\"o-image__image\" src=\"https:\/\/azul.imgix.net\/wp-content\/uploads\/adobe.png?auto=format&crop=faces,entropy&fit=max&q=80&s=61fe1ad975fd2a5d1685fb8f15483b87\" alt=\"\" decoding=\"async\" loading=\"lazy\">\n\n\n  <\/div>\n                        \n  <div class=\"c-logos__logo o-image o-image--contain o-image--max-height o-image--no-radius\">\n\n  <img class=\"o-image__image\" src=\"https:\/\/azul.imgix.net\/wp-content\/uploads\/lyft.png?auto=format&crop=faces,entropy&fit=max&q=80&s=3a43c1d807d44f45f19af5d4a98e7708\" alt=\"\" decoding=\"async\" loading=\"lazy\">\n\n\n  <\/div>\n                        \n  <div class=\"c-logos__logo o-image o-image--contain o-image--max-height o-image--no-radius\">\n\n  <img class=\"o-image__image\" src=\"https:\/\/azul.imgix.net\/wp-content\/uploads\/salesforce.png?auto=format&crop=faces,entropy&fit=max&q=80&s=c0ed1e1d187859387d25099f20cca01e\" alt=\"\" decoding=\"async\" loading=\"lazy\">\n\n\n  <\/div>\n                        \n  <div class=\"c-logos__logo o-image o-image--contain o-image--max-height o-image--no-radius\">\n\n  <img class=\"o-image__image\" src=\"https:\/\/azul.imgix.net\/wp-content\/uploads\/priceline.png?auto=format&crop=faces,entropy&fit=max&q=80&s=363332a99ae6cc4474cd2658f55f7a3f\" alt=\"\" decoding=\"async\" loading=\"lazy\">\n\n\n  <\/div>\n                        \n  <div class=\"c-logos__logo o-image o-image--contain o-image--max-height o-image--no-radius\">\n\n  <img class=\"o-image__image\" src=\"https:\/\/azul.imgix.net\/wp-content\/uploads\/starbucks.png?auto=format&crop=faces,entropy&fit=max&q=80&s=97a519fa9d4fbf9df69e4491985eb931\" alt=\"\" decoding=\"async\" loading=\"lazy\">\n\n\n  <\/div>\n                        \n  <div class=\"c-logos__logo o-image o-image--contain o-image--max-height o-image--no-radius\">\n\n  <img class=\"o-image__image\" src=\"https:\/\/azul.imgix.net\/wp-content\/uploads\/BoA.png?auto=format&crop=faces,entropy&fit=max&q=80&s=c17a0c98cd3513485c3f94322f5b2d2f\" alt=\"\" decoding=\"async\" loading=\"lazy\">\n\n\n  <\/div>\n                        \n  <div class=\"c-logos__logo o-image o-image--contain o-image--max-height o-image--no-radius\">\n\n  <img class=\"o-image__image\" src=\"https:\/\/azul.imgix.net\/wp-content\/uploads\/hsbc.png?auto=format&crop=faces,entropy&fit=max&q=80&s=db1dac8062ecfb632e52d55ae60fbace\" alt=\"\" decoding=\"async\" loading=\"lazy\">\n\n\n  <\/div>\n                        \n  <div class=\"c-logos__logo o-image o-image--contain o-image--max-height o-image--no-radius\">\n\n  <img class=\"o-image__image\" src=\"https:\/\/azul.imgix.net\/wp-content\/uploads\/mastercard.png?auto=format&crop=faces,entropy&fit=max&q=80&s=4a04bbaa7529c55a99d466a3346a80f9\" alt=\"\" decoding=\"async\" loading=\"lazy\">\n\n\n  <\/div>\n                        \n  <div class=\"c-logos__logo o-image o-image--contain o-image--max-height o-image--no-radius\">\n\n  <img class=\"o-image__image\" src=\"https:\/\/azul.imgix.net\/wp-content\/uploads\/workday.png?auto=format&crop=faces,entropy&fit=max&q=80&s=fb060d2c6f9a175cea6fd8f73173fc36\" alt=\"\" decoding=\"async\" loading=\"lazy\">\n\n\n  <\/div>\n                        \n  <div class=\"c-logos__logo o-image o-image--contain o-image--max-height o-image--no-radius\">\n\n  <img class=\"o-image__image\" src=\"https:\/\/azul.imgix.net\/wp-content\/uploads\/netflix.png?auto=format&crop=faces,entropy&fit=max&q=80&s=88e579daf230fbd743586f92b0eeb2d1\" alt=\"\" decoding=\"async\" loading=\"lazy\">\n\n\n  <\/div>\n            <\/div>\n\n          <\/div>\n      <\/div>\n<\/section>\n","protected":false},"excerpt":{"rendered":"","protected":false},"author":7,"featured_media":84378,"parent":0,"menu_order":6,"comment_status":"closed","ping_status":"closed","template":"templates\/no-nav.php","meta":{"_acf_changed":true,"footnotes":""},"context_class":[],"class_list":["post-84352","page","type-page","status-publish","has-post-thumbnail","hentry"],"acf":{"page_requires_cookie":false,"enable_popup_form":false},"yoast_head":"<!-- This site is optimized with the Yoast SEO Premium plugin v27.4 (Yoast SEO v27.4) - https:\/\/yoast.com\/product\/yoast-seo-premium-wordpress\/ -->\n<title>High-Performance Java Platform Comparison Guide - Azul | Better Java Performance, Superior Java Support<\/title>\n<meta name=\"robots\" content=\"index, follow, max-snippet:-1, max-image-preview:large, max-video-preview:-1\" \/>\n<link rel=\"canonical\" href=\"https:\/\/www.azul.com\/fr\/high-performance-java-platform-guide\/\" \/>\n<meta property=\"og:locale\" content=\"fr_FR\" \/>\n<meta property=\"og:type\" content=\"article\" \/>\n<meta property=\"og:title\" content=\"High-Performance Java Platform Comparison Guide\" \/>\n<meta property=\"og:url\" content=\"https:\/\/www.azul.com\/fr\/high-performance-java-platform-guide\/\" \/>\n<meta property=\"og:site_name\" content=\"Azul | Better Java Performance, Superior Java Support\" \/>\n<meta property=\"article:publisher\" content=\"https:\/\/www.facebook.com\/AzulSystemsInc\" \/>\n<meta property=\"article:modified_time\" content=\"2025-06-25T21:21:26+00:00\" \/>\n<meta property=\"og:image\" content=\"https:\/\/www.azul.com\/wp-content\/uploads\/HPJP-Comparison-Mobile-Leaderboard-320-x-50-px.jpg\" \/>\n\t<meta property=\"og:image:width\" content=\"240\" \/>\n\t<meta property=\"og:image:height\" content=\"37\" \/>\n\t<meta property=\"og:image:type\" content=\"image\/jpeg\" \/>\n<meta name=\"twitter:card\" content=\"summary_large_image\" \/>\n<meta name=\"twitter:site\" content=\"@azulsystems\" \/>\n<meta name=\"twitter:label1\" content=\"Est. reading time\" \/>\n\t<meta name=\"twitter:data1\" content=\"1 minute\" \/>\n<script type=\"application\/ld+json\" class=\"yoast-schema-graph\">{\"@context\":\"https:\\\/\\\/schema.org\",\"@graph\":[{\"@type\":\"WebPage\",\"@id\":\"https:\\\/\\\/www.azul.com\\\/fr\\\/high-performance-java-platform-guide\\\/\",\"url\":\"https:\\\/\\\/www.azul.com\\\/fr\\\/high-performance-java-platform-guide\\\/\",\"name\":\"High-Performance Java Platform Comparison Guide - Azul | Better Java Performance, Superior Java Support\",\"isPartOf\":{\"@id\":\"https:\\\/\\\/www.azul.com\\\/#website\"},\"primaryImageOfPage\":{\"@id\":\"https:\\\/\\\/www.azul.com\\\/fr\\\/high-performance-java-platform-guide\\\/#primaryimage\"},\"image\":{\"@id\":\"https:\\\/\\\/www.azul.com\\\/fr\\\/high-performance-java-platform-guide\\\/#primaryimage\"},\"thumbnailUrl\":\"https:\\\/\\\/www.azul.com\\\/wp-content\\\/uploads\\\/HPJP-Comparison-Mobile-Leaderboard-320-x-50-px.jpg\",\"datePublished\":\"2025-05-23T15:08:49+00:00\",\"dateModified\":\"2025-06-25T21:21:26+00:00\",\"breadcrumb\":{\"@id\":\"https:\\\/\\\/www.azul.com\\\/fr\\\/high-performance-java-platform-guide\\\/#breadcrumb\"},\"inLanguage\":\"fr-FR\",\"potentialAction\":[{\"@type\":\"ReadAction\",\"target\":[\"https:\\\/\\\/www.azul.com\\\/fr\\\/high-performance-java-platform-guide\\\/\"]}]},{\"@type\":\"ImageObject\",\"inLanguage\":\"fr-FR\",\"@id\":\"https:\\\/\\\/www.azul.com\\\/fr\\\/high-performance-java-platform-guide\\\/#primaryimage\",\"url\":\"https:\\\/\\\/www.azul.com\\\/wp-content\\\/uploads\\\/HPJP-Comparison-Mobile-Leaderboard-320-x-50-px.jpg\",\"contentUrl\":\"https:\\\/\\\/www.azul.com\\\/wp-content\\\/uploads\\\/HPJP-Comparison-Mobile-Leaderboard-320-x-50-px.jpg\",\"width\":240,\"height\":37},{\"@type\":\"BreadcrumbList\",\"@id\":\"https:\\\/\\\/www.azul.com\\\/fr\\\/high-performance-java-platform-guide\\\/#breadcrumb\",\"itemListElement\":[{\"@type\":\"ListItem\",\"position\":1,\"name\":\"Home\",\"item\":\"https:\\\/\\\/www.azul.com\\\/fr\\\/\"},{\"@type\":\"ListItem\",\"position\":2,\"name\":\"High-Performance Java Platform Comparison Guide\"}]},{\"@type\":\"WebSite\",\"@id\":\"https:\\\/\\\/www.azul.com\\\/#website\",\"url\":\"https:\\\/\\\/www.azul.com\\\/\",\"name\":\"Azul | Better Java Performance, Superior Java Support\",\"description\":\"\",\"publisher\":{\"@id\":\"https:\\\/\\\/www.azul.com\\\/#organization\"},\"potentialAction\":[{\"@type\":\"SearchAction\",\"target\":{\"@type\":\"EntryPoint\",\"urlTemplate\":\"https:\\\/\\\/www.azul.com\\\/?s={search_term_string}\"},\"query-input\":{\"@type\":\"PropertyValueSpecification\",\"valueRequired\":true,\"valueName\":\"search_term_string\"}}],\"inLanguage\":\"fr-FR\"},{\"@type\":\"Organization\",\"@id\":\"https:\\\/\\\/www.azul.com\\\/#organization\",\"name\":\"Azul\",\"alternateName\":\"Azul Systems\",\"url\":\"https:\\\/\\\/www.azul.com\\\/\",\"logo\":{\"@type\":\"ImageObject\",\"inLanguage\":\"fr-FR\",\"@id\":\"https:\\\/\\\/www.azul.com\\\/#\\\/schema\\\/logo\\\/image\\\/\",\"url\":\"https:\\\/\\\/www.azul.com\\\/wp-content\\\/uploads\\\/2021\\\/01\\\/logo.svg\",\"contentUrl\":\"https:\\\/\\\/www.azul.com\\\/wp-content\\\/uploads\\\/2021\\\/01\\\/logo.svg\",\"width\":112,\"height\":48,\"caption\":\"Azul\"},\"image\":{\"@id\":\"https:\\\/\\\/www.azul.com\\\/#\\\/schema\\\/logo\\\/image\\\/\"},\"sameAs\":[\"https:\\\/\\\/www.facebook.com\\\/AzulSystemsInc\",\"https:\\\/\\\/x.com\\\/azulsystems\",\"https:\\\/\\\/www.youtube.com\\\/channel\\\/UCSoJZa--HhjV9iXtbHUmm8A\",\"https:\\\/\\\/www.linkedin.com\\\/company\\\/azul-systems\"]}]}<\/script>\n<!-- \/ Yoast SEO Premium plugin. -->","yoast_head_json":{"title":"High-Performance Java Platform Comparison Guide - Azul | Better Java Performance, Superior Java Support","robots":{"index":"index","follow":"follow","max-snippet":"max-snippet:-1","max-image-preview":"max-image-preview:large","max-video-preview":"max-video-preview:-1"},"canonical":"https:\/\/www.azul.com\/fr\/high-performance-java-platform-guide\/","og_locale":"fr_FR","og_type":"article","og_title":"High-Performance Java Platform Comparison Guide","og_url":"https:\/\/www.azul.com\/fr\/high-performance-java-platform-guide\/","og_site_name":"Azul | Better Java Performance, Superior Java Support","article_publisher":"https:\/\/www.facebook.com\/AzulSystemsInc","article_modified_time":"2025-06-25T21:21:26+00:00","og_image":[{"width":240,"height":37,"url":"https:\/\/www.azul.com\/wp-content\/uploads\/HPJP-Comparison-Mobile-Leaderboard-320-x-50-px.jpg","type":"image\/jpeg"}],"twitter_card":"summary_large_image","twitter_site":"@azulsystems","twitter_misc":{"Est. reading time":"1 minute"},"schema":{"@context":"https:\/\/schema.org","@graph":[{"@type":"WebPage","@id":"https:\/\/www.azul.com\/fr\/high-performance-java-platform-guide\/","url":"https:\/\/www.azul.com\/fr\/high-performance-java-platform-guide\/","name":"High-Performance Java Platform Comparison Guide - Azul | Better Java Performance, Superior Java Support","isPartOf":{"@id":"https:\/\/www.azul.com\/#website"},"primaryImageOfPage":{"@id":"https:\/\/www.azul.com\/fr\/high-performance-java-platform-guide\/#primaryimage"},"image":{"@id":"https:\/\/www.azul.com\/fr\/high-performance-java-platform-guide\/#primaryimage"},"thumbnailUrl":"https:\/\/www.azul.com\/wp-content\/uploads\/HPJP-Comparison-Mobile-Leaderboard-320-x-50-px.jpg","datePublished":"2025-05-23T15:08:49+00:00","dateModified":"2025-06-25T21:21:26+00:00","breadcrumb":{"@id":"https:\/\/www.azul.com\/fr\/high-performance-java-platform-guide\/#breadcrumb"},"inLanguage":"fr-FR","potentialAction":[{"@type":"ReadAction","target":["https:\/\/www.azul.com\/fr\/high-performance-java-platform-guide\/"]}]},{"@type":"ImageObject","inLanguage":"fr-FR","@id":"https:\/\/www.azul.com\/fr\/high-performance-java-platform-guide\/#primaryimage","url":"https:\/\/www.azul.com\/wp-content\/uploads\/HPJP-Comparison-Mobile-Leaderboard-320-x-50-px.jpg","contentUrl":"https:\/\/www.azul.com\/wp-content\/uploads\/HPJP-Comparison-Mobile-Leaderboard-320-x-50-px.jpg","width":240,"height":37},{"@type":"BreadcrumbList","@id":"https:\/\/www.azul.com\/fr\/high-performance-java-platform-guide\/#breadcrumb","itemListElement":[{"@type":"ListItem","position":1,"name":"Home","item":"https:\/\/www.azul.com\/fr\/"},{"@type":"ListItem","position":2,"name":"High-Performance Java Platform Comparison Guide"}]},{"@type":"WebSite","@id":"https:\/\/www.azul.com\/#website","url":"https:\/\/www.azul.com\/","name":"Azul | Better Java Performance, Superior Java Support","description":"","publisher":{"@id":"https:\/\/www.azul.com\/#organization"},"potentialAction":[{"@type":"SearchAction","target":{"@type":"EntryPoint","urlTemplate":"https:\/\/www.azul.com\/?s={search_term_string}"},"query-input":{"@type":"PropertyValueSpecification","valueRequired":true,"valueName":"search_term_string"}}],"inLanguage":"fr-FR"},{"@type":"Organization","@id":"https:\/\/www.azul.com\/#organization","name":"Azul","alternateName":"Azul Systems","url":"https:\/\/www.azul.com\/","logo":{"@type":"ImageObject","inLanguage":"fr-FR","@id":"https:\/\/www.azul.com\/#\/schema\/logo\/image\/","url":"https:\/\/www.azul.com\/wp-content\/uploads\/2021\/01\/logo.svg","contentUrl":"https:\/\/www.azul.com\/wp-content\/uploads\/2021\/01\/logo.svg","width":112,"height":48,"caption":"Azul"},"image":{"@id":"https:\/\/www.azul.com\/#\/schema\/logo\/image\/"},"sameAs":["https:\/\/www.facebook.com\/AzulSystemsInc","https:\/\/x.com\/azulsystems","https:\/\/www.youtube.com\/channel\/UCSoJZa--HhjV9iXtbHUmm8A","https:\/\/www.linkedin.com\/company\/azul-systems"]}]}},"_links":{"self":[{"href":"https:\/\/www.azul.com\/fr\/wp-json\/wp\/v2\/pages\/84352","targetHints":{"allow":["GET"]}}],"collection":[{"href":"https:\/\/www.azul.com\/fr\/wp-json\/wp\/v2\/pages"}],"about":[{"href":"https:\/\/www.azul.com\/fr\/wp-json\/wp\/v2\/types\/page"}],"author":[{"embeddable":true,"href":"https:\/\/www.azul.com\/fr\/wp-json\/wp\/v2\/users\/7"}],"replies":[{"embeddable":true,"href":"https:\/\/www.azul.com\/fr\/wp-json\/wp\/v2\/comments?post=84352"}],"version-history":[{"count":0,"href":"https:\/\/www.azul.com\/fr\/wp-json\/wp\/v2\/pages\/84352\/revisions"}],"wp:featuredmedia":[{"embeddable":true,"href":"https:\/\/www.azul.com\/fr\/wp-json\/wp\/v2\/media\/84378"}],"wp:attachment":[{"href":"https:\/\/www.azul.com\/fr\/wp-json\/wp\/v2\/media?parent=84352"}],"wp:term":[{"taxonomy":"context_class","embeddable":true,"href":"https:\/\/www.azul.com\/fr\/wp-json\/wp\/v2\/context_class?post=84352"}],"curies":[{"name":"wp","href":"https:\/\/api.w.org\/{rel}","templated":true}]}}