{"id":84563,"date":"2025-05-22T21:41:18","date_gmt":"2025-05-22T21:41:18","guid":{"rendered":"https:\/\/www.azul.com\/garbage-collection-log-performance\/"},"modified":"2025-07-02T14:38:26","modified_gmt":"2025-07-02T14:38:26","slug":"garbage-collection-log-performance","status":"publish","type":"page","link":"https:\/\/www.azul.com\/fr\/garbage-collection-log-performance\/","title":{"rendered":"Java Garbage Collection Logs and Application Performance"},"content":{"rendered":"\n<p><a href=\"https:\/\/www.azul.com\/wp-admin\/profile.php\"><\/a><\/p>\n\n\n\n\n\n<section    class=\"c-hero-form-intro c-hero-form-intro--color-dark c-hero-form-intro--mt-default c-hero-form-intro--mb-default c-hero-form-intro--pt-default c-hero-form-intro--pb-default c-hero-form-intro--color-1 o-component o-component--color-dark o-component--mt-default o-component--mb-default o-component--pt-default o-component--pb-default\"\n\n            id=\"block_136f504b71e0e2369a9854cde4e73330\"\n    \n    >\n    \n    <div class=\"o-component__wrap\">\n        \n<div class=\"l-overlapping-sidebar\">\n    <div class=\"l-overlapping-sidebar__top\">\n        <div class=\"o-container\">\n            <div class=\"l-overlapping-sidebar__grid\">\n                <div class=\"l-overlapping-sidebar__grid-inner\">\n                                            \n  <div class=\"c-hero-form-intro__hero-background o-image o-image--cover o-image--no-radius\">\n\n  <img class=\"o-image__image\" src=\"https:\/\/azul.imgix.net\/wp-content\/uploads\/Java-GC-LP-Header-1440x525-1.png?auto=format&crop=faces,entropy&fit=max&q=80&s=bffbd45c29867edb4eb6b8fced44ce21\" alt=\"\" decoding=\"async\" loading=\"lazy\">\n\n\n  <\/div>\n                    \n                    <div class=\"c-hero-form-intro__hero\">\n                        \n                                                    \n<h1  class=\"c-hero-form-intro__hero-headline o-headline o-headline--h1 o-headline--gradient-text s-medium\"\n  style=\"--setting--color: #ffffff; --setting--font-weight: 700; --setting--gradient-end-color: #fbc8ff; --setting--gradient-start-color: #fbc8ff;\"  >\n  Journaux de garbage collection de Java et performance des applications<\/h1>\n\n                                                    \n                                                    \n<h2  class=\"c-hero-form-intro__hero-description o-description o-description--h4 s-wysiwyg s-wysiwyg--description\"\n\n  style=\"--setting--color: #ffffff;\">\n  <p>Comprendre le garbage collection C4<\/p>\n<\/h2>\n\n                                                    \n                                                    \n<h3  class=\"c-hero-form-intro__hero-overline o-overline o-overline--pill\"\n  style=\"--setting--color: #18a7a7; --setting--overline-bg-color: #18a7a7; --setting--overline-text-color: #FFFFFF;\">\n  Livre blanc<\/h3>\n\n                                                                        <\/div>\n                <\/div>\n            <\/div>\n        <\/div>\n    <\/div>\n\n    <div class=\"l-overlapping-sidebar__right\">\n        <div class=\"o-container\">\n            <div class=\"l-overlapping-sidebar__grid\">\n                <div class=\"l-overlapping-sidebar__grid-inner\">\n                    <div\n                        class=\"c-hero-form-intro__form c-hero-form-intro__form--background c-hero-form-intro__form--shadow\"\n\n                        style=\"--setting--form-background-color: rgb(255,255,255);\"                    >\n                        \n  \n  <script src=\"\/\/info.azul.com\/rs\/055-WYU-308\/images\/azul-form-translations-french.js\"><\/script>\n\n  <div\n    class=\"s-form-marketo s-form-marketo--hero-form-intro s-form-marketo--button-style-solid s-form-marketo--hide-field-labels s-form-marketo--format-legal-text js-marketo-form\"\n\n    style=\"--setting--form-input-label-color: rgb(107,119,150); --setting--form-input-placeholder-color: rgb(107,119,150); --setting--form-input-text-color: rgb(22,34,65); --setting--form-input-border-color: rgb(163,172,194); --setting--form-button-color-primary: rgb(97,173,215); --setting--form-button-color-secondary: rgb(24,167,167); --setting--form-button-text-color: rgb(255,255,255);\"\n    data-form-number=\"1334\"\n    data-form-instance=\"1\"\n\n    \n      >\n          \n<h3  class=\"o-headline o-headline--left o-headline--h4 s-medium\"\n  style=\"--setting--color: #162241;\"  >\n  Lire le livre blanc<\/h3>\n    \n    <form id=\"mktoForm_1334\"><\/form>\n\n    <script class=\"js-marketo-form-data\" type=\"application\/json\">\n      {\"\":null,\"form_headline\":{\"headline\":\"<p>Lire le livre blanc<\\\/p>\",\"headline_options\":{\"color\":\"#162241\",\"size\":\"h4\",\"weight\":\"\",\"width\":\"\",\"gradient_text\":{\"use_gradient_text\":false,\"start_color\":\"\",\"end_color\":\"\"}}},\"form_number\":\"1334\",\"form_redirect_enabled\":true,\"redirect\":{\"title\":\"\",\"url\":\"https:\\\/\\\/www.azul.com\\\/fr\\\/thank-you-for-downloading-gc\\\/\",\"target\":\"\"},\"form_translation_disable\":false,\"zi_id\":\"\",\"zi_fields\":[],\"zi_lookup_field\":\"\",\"cookie_name\":\"\",\"cookie_redirect\":true,\"drift_playbook_campaign_id\":\"\",\"input\":{\"label_color\":\"rgb(107,119,150)\",\"placeholder_color\":\"rgb(107,119,150)\",\"text_color\":\"rgb(22,34,65)\",\"border_color\":\"rgb(163,172,194)\",\"background_color\":null},\"button\":{\"style\":\"solid\",\"color_primary\":\"rgb(97,173,215)\",\"color_secondary\":\"rgb(24,167,167)\",\"text_color\":\"rgb(255,255,255)\"},\"language\":\"fr\",\"marketo_domain\":\"info.azul.com\",\"munchkin_id\":\"055-WYU-308\",\"hide_field_labels\":true,\"format_legal_text\":true}    <\/script>\n  <\/div>\n                    <\/div>\n                <\/div>\n            <\/div>\n        <\/div>\n    <\/div>\n\n    <div class=\"l-overlapping-sidebar__left\">\n        <div class=\"o-container\">\n            <div class=\"l-overlapping-sidebar__grid\">\n                <div class=\"l-overlapping-sidebar__grid-inner\">\n                    <div class=\"c-hero-form-intro__intro\">\n                                                    \n  <div class=\"c-hero-form-intro__intro-image o-image\">\n\n  <img class=\"o-image__image\" src=\"https:\/\/azul.imgix.net\/wp-content\/uploads\/Java-GC-LinkedIn-Square-1080-x-1080-px-FR-copy.jpg?auto=format&crop=faces,entropy&fit=max&q=80&s=785a1db493061f9e5062d158144e354d\" alt=\"\" decoding=\"async\" loading=\"lazy\">\n\n\n  <\/div>\n                        \n                        \n                                                    \n<div  class=\"c-hero-form-intro__intro-description o-description o-description--h5 s-wysiwyg s-wysiwyg--description\"\n\n  style=\"--setting--color: #162241;\">\n  <p>Les journaux de garbage collection fournissent des informations pr\u00e9cieuses sur la mani\u00e8re dont une JVM g\u00e8re la m\u00e9moire de mani\u00e8re dynamique au moment de l\u2019ex\u00e9cution. Le garbage collector (GC) de Java est un \u00e9l\u00e9ment essentiel de la machine virtuelle Java (JVM) qui influe sur les performances et la fiabilit\u00e9 des applications.<\/p>\n<p>Voici les diff\u00e9rents GC disponibles dans la JVM,\u00a0<strong>et Azul est une solution de rechange performante<\/strong>, le garbage collector C4\u00a0: collecteur \u00e0 compactage continu et simultan\u00e9.<\/p>\n<p>Dans cette \u00e9tude technique approfondie, vous apprendrez\u00a0:<\/p>\n<\/div>\n                        \n                        \n                                                    <div class=\"c-hero-form-intro__intro-features\" role=\"list\">\n                                                                                                            <div class=\"c-hero-form-intro__intro-feature\" role=\"listitem\">\n                                            Les bonnes pratiques pour l\u2019activation et l\u2019analyse de la journalisation du GC                                        <\/div>\n                                                                                                                                                <div class=\"c-hero-form-intro__intro-feature\" role=\"listitem\">\n                                            La n\u00e9cessit\u00e9 d\u2019un garbage collection sans pause pour am\u00e9liorer les performances des applications                                        <\/div>\n                                                                                                                                                <div class=\"c-hero-form-intro__intro-feature\" role=\"listitem\">\n                                            Comment fournir un comportement plus pr\u00e9visible et coh\u00e9rent du garbage collection Java avec Azul C4                                        <\/div>\n                                                                                                <\/div>\n                                            <\/div>\n                <\/div>\n            <\/div>\n        <\/div>\n    <\/div>\n<\/div>\n\n      <\/div>\n<\/section>\n\n\n\n\n\n<section    class=\"c-logos c-logos--color-dark c-logos--color-1 o-component o-component--color-dark\"\n\n            id=\"block_9512bcae8c0f13489e35e0bc112d6ec8\"\n    \n    >\n    \n    <div class=\"o-component__wrap\">\n                    <div class=\"o-container\">\n        \n  \n  <header class=\"c-logos__section-head o-section-head o-section-head--center o-section-head--color-dark o-section-head--ctas-standard\">\n    \n    \n          \n<h2  class=\"o-section-head__headline o-headline o-headline--h4 s-medium\"\n    >\n  Azul fournit une \u00e9volution et des performances massives pour<\/h2>\n\n          \n    \n      <\/header>\n\n  <div class=\"c-logos__grid c-logos__grid--autofill\">\n                  \n  <div class=\"c-logos__logo o-image o-image--contain o-image--max-height o-image--no-radius\">\n\n  <img class=\"o-image__image\" src=\"https:\/\/azul.imgix.net\/wp-content\/uploads\/adobe.png?auto=format&crop=faces,entropy&fit=max&q=80&s=61fe1ad975fd2a5d1685fb8f15483b87\" alt=\"\" decoding=\"async\" loading=\"lazy\">\n\n\n  <\/div>\n                        \n  <div class=\"c-logos__logo o-image o-image--contain o-image--max-height o-image--no-radius\">\n\n  <img class=\"o-image__image\" src=\"https:\/\/azul.imgix.net\/wp-content\/uploads\/lyft.png?auto=format&crop=faces,entropy&fit=max&q=80&s=3a43c1d807d44f45f19af5d4a98e7708\" alt=\"\" decoding=\"async\" loading=\"lazy\">\n\n\n  <\/div>\n                        \n  <div class=\"c-logos__logo o-image o-image--contain o-image--max-height o-image--no-radius\">\n\n  <img class=\"o-image__image\" src=\"https:\/\/azul.imgix.net\/wp-content\/uploads\/salesforce.png?auto=format&crop=faces,entropy&fit=max&q=80&s=c0ed1e1d187859387d25099f20cca01e\" alt=\"\" decoding=\"async\" loading=\"lazy\">\n\n\n  <\/div>\n                        \n  <div class=\"c-logos__logo o-image o-image--contain o-image--max-height o-image--no-radius\">\n\n  <img class=\"o-image__image\" src=\"https:\/\/azul.imgix.net\/wp-content\/uploads\/priceline.png?auto=format&crop=faces,entropy&fit=max&q=80&s=363332a99ae6cc4474cd2658f55f7a3f\" alt=\"\" decoding=\"async\" loading=\"lazy\">\n\n\n  <\/div>\n                        \n  <div class=\"c-logos__logo o-image o-image--contain o-image--max-height o-image--no-radius\">\n\n  <img class=\"o-image__image\" src=\"https:\/\/azul.imgix.net\/wp-content\/uploads\/starbucks.png?auto=format&crop=faces,entropy&fit=max&q=80&s=97a519fa9d4fbf9df69e4491985eb931\" alt=\"\" decoding=\"async\" loading=\"lazy\">\n\n\n  <\/div>\n                        \n  <div class=\"c-logos__logo o-image o-image--contain o-image--max-height o-image--no-radius\">\n\n  <img class=\"o-image__image\" src=\"https:\/\/azul.imgix.net\/wp-content\/uploads\/BoA.png?auto=format&crop=faces,entropy&fit=max&q=80&s=c17a0c98cd3513485c3f94322f5b2d2f\" alt=\"\" decoding=\"async\" loading=\"lazy\">\n\n\n  <\/div>\n                        \n  <div class=\"c-logos__logo o-image o-image--contain o-image--max-height o-image--no-radius\">\n\n  <img class=\"o-image__image\" src=\"https:\/\/azul.imgix.net\/wp-content\/uploads\/hsbc.png?auto=format&crop=faces,entropy&fit=max&q=80&s=db1dac8062ecfb632e52d55ae60fbace\" alt=\"\" decoding=\"async\" loading=\"lazy\">\n\n\n  <\/div>\n                        \n  <div class=\"c-logos__logo o-image o-image--contain o-image--max-height o-image--no-radius\">\n\n  <img class=\"o-image__image\" src=\"https:\/\/azul.imgix.net\/wp-content\/uploads\/mastercard.png?auto=format&crop=faces,entropy&fit=max&q=80&s=4a04bbaa7529c55a99d466a3346a80f9\" alt=\"\" decoding=\"async\" loading=\"lazy\">\n\n\n  <\/div>\n                        \n  <div class=\"c-logos__logo o-image o-image--contain o-image--max-height o-image--no-radius\">\n\n  <img class=\"o-image__image\" src=\"https:\/\/azul.imgix.net\/wp-content\/uploads\/workday.png?auto=format&crop=faces,entropy&fit=max&q=80&s=fb060d2c6f9a175cea6fd8f73173fc36\" alt=\"\" decoding=\"async\" loading=\"lazy\">\n\n\n  <\/div>\n                        \n  <div class=\"c-logos__logo o-image o-image--contain o-image--max-height o-image--no-radius\">\n\n  <img class=\"o-image__image\" src=\"https:\/\/azul.imgix.net\/wp-content\/uploads\/netflix.png?auto=format&crop=faces,entropy&fit=max&q=80&s=88e579daf230fbd743586f92b0eeb2d1\" alt=\"\" decoding=\"async\" loading=\"lazy\">\n\n\n  <\/div>\n            <\/div>\n\n          <\/div>\n      <\/div>\n<\/section>\n","protected":false},"excerpt":{"rendered":"","protected":false},"author":7,"featured_media":84579,"parent":0,"menu_order":6,"comment_status":"closed","ping_status":"closed","template":"templates\/no-nav.php","meta":{"_acf_changed":true,"footnotes":""},"context_class":[],"class_list":["post-84563","page","type-page","status-publish","has-post-thumbnail","hentry"],"acf":{"page_requires_cookie":false,"enable_popup_form":false},"yoast_head":"<!-- This site is optimized with the Yoast SEO Premium plugin v27.4 (Yoast SEO v27.4) - https:\/\/yoast.com\/product\/yoast-seo-premium-wordpress\/ -->\n<title>Java Garbage Collection Logs and Application Performance - Azul | Better Java Performance, Superior Java Support<\/title>\n<meta name=\"robots\" content=\"index, follow, max-snippet:-1, max-image-preview:large, max-video-preview:-1\" \/>\n<link rel=\"canonical\" href=\"https:\/\/www.azul.com\/fr\/garbage-collection-log-performance\/\" \/>\n<meta property=\"og:locale\" content=\"fr_FR\" \/>\n<meta property=\"og:type\" content=\"article\" \/>\n<meta property=\"og:title\" content=\"Java Garbage Collection Logs and Application Performance\" \/>\n<meta property=\"og:url\" content=\"https:\/\/www.azul.com\/fr\/garbage-collection-log-performance\/\" \/>\n<meta property=\"og:site_name\" content=\"Azul | Better Java Performance, Superior Java Support\" \/>\n<meta property=\"article:publisher\" content=\"https:\/\/www.facebook.com\/AzulSystemsInc\" \/>\n<meta property=\"article:modified_time\" content=\"2025-07-02T14:38:26+00:00\" \/>\n<meta property=\"og:image\" content=\"https:\/\/www.azul.com\/wp-content\/uploads\/Java-GC-Twitter-1600-x-900-px-copy.jpg\" \/>\n\t<meta property=\"og:image:width\" content=\"1200\" \/>\n\t<meta property=\"og:image:height\" content=\"675\" \/>\n\t<meta property=\"og:image:type\" content=\"image\/jpeg\" \/>\n<meta name=\"twitter:card\" content=\"summary_large_image\" \/>\n<meta name=\"twitter:site\" content=\"@azulsystems\" \/>\n<meta name=\"twitter:label1\" content=\"Est. reading time\" \/>\n\t<meta name=\"twitter:data1\" content=\"1 minute\" \/>\n<script type=\"application\/ld+json\" class=\"yoast-schema-graph\">{\"@context\":\"https:\\\/\\\/schema.org\",\"@graph\":[{\"@type\":\"WebPage\",\"@id\":\"https:\\\/\\\/www.azul.com\\\/fr\\\/garbage-collection-log-performance\\\/\",\"url\":\"https:\\\/\\\/www.azul.com\\\/fr\\\/garbage-collection-log-performance\\\/\",\"name\":\"Java Garbage Collection Logs and Application Performance - Azul | Better Java Performance, Superior Java Support\",\"isPartOf\":{\"@id\":\"https:\\\/\\\/www.azul.com\\\/#website\"},\"primaryImageOfPage\":{\"@id\":\"https:\\\/\\\/www.azul.com\\\/fr\\\/garbage-collection-log-performance\\\/#primaryimage\"},\"image\":{\"@id\":\"https:\\\/\\\/www.azul.com\\\/fr\\\/garbage-collection-log-performance\\\/#primaryimage\"},\"thumbnailUrl\":\"https:\\\/\\\/www.azul.com\\\/wp-content\\\/uploads\\\/Java-GC-Twitter-1600-x-900-px-copy.jpg\",\"datePublished\":\"2025-05-22T21:41:18+00:00\",\"dateModified\":\"2025-07-02T14:38:26+00:00\",\"breadcrumb\":{\"@id\":\"https:\\\/\\\/www.azul.com\\\/fr\\\/garbage-collection-log-performance\\\/#breadcrumb\"},\"inLanguage\":\"fr-FR\",\"potentialAction\":[{\"@type\":\"ReadAction\",\"target\":[\"https:\\\/\\\/www.azul.com\\\/fr\\\/garbage-collection-log-performance\\\/\"]}]},{\"@type\":\"ImageObject\",\"inLanguage\":\"fr-FR\",\"@id\":\"https:\\\/\\\/www.azul.com\\\/fr\\\/garbage-collection-log-performance\\\/#primaryimage\",\"url\":\"https:\\\/\\\/www.azul.com\\\/wp-content\\\/uploads\\\/Java-GC-Twitter-1600-x-900-px-copy.jpg\",\"contentUrl\":\"https:\\\/\\\/www.azul.com\\\/wp-content\\\/uploads\\\/Java-GC-Twitter-1600-x-900-px-copy.jpg\",\"width\":1200,\"height\":675},{\"@type\":\"BreadcrumbList\",\"@id\":\"https:\\\/\\\/www.azul.com\\\/fr\\\/garbage-collection-log-performance\\\/#breadcrumb\",\"itemListElement\":[{\"@type\":\"ListItem\",\"position\":1,\"name\":\"Home\",\"item\":\"https:\\\/\\\/www.azul.com\\\/fr\\\/\"},{\"@type\":\"ListItem\",\"position\":2,\"name\":\"Java Garbage Collection Logs and Application Performance\"}]},{\"@type\":\"WebSite\",\"@id\":\"https:\\\/\\\/www.azul.com\\\/#website\",\"url\":\"https:\\\/\\\/www.azul.com\\\/\",\"name\":\"Azul | Better Java Performance, Superior Java Support\",\"description\":\"\",\"publisher\":{\"@id\":\"https:\\\/\\\/www.azul.com\\\/#organization\"},\"potentialAction\":[{\"@type\":\"SearchAction\",\"target\":{\"@type\":\"EntryPoint\",\"urlTemplate\":\"https:\\\/\\\/www.azul.com\\\/?s={search_term_string}\"},\"query-input\":{\"@type\":\"PropertyValueSpecification\",\"valueRequired\":true,\"valueName\":\"search_term_string\"}}],\"inLanguage\":\"fr-FR\"},{\"@type\":\"Organization\",\"@id\":\"https:\\\/\\\/www.azul.com\\\/#organization\",\"name\":\"Azul\",\"alternateName\":\"Azul Systems\",\"url\":\"https:\\\/\\\/www.azul.com\\\/\",\"logo\":{\"@type\":\"ImageObject\",\"inLanguage\":\"fr-FR\",\"@id\":\"https:\\\/\\\/www.azul.com\\\/#\\\/schema\\\/logo\\\/image\\\/\",\"url\":\"https:\\\/\\\/www.azul.com\\\/wp-content\\\/uploads\\\/2021\\\/01\\\/logo.svg\",\"contentUrl\":\"https:\\\/\\\/www.azul.com\\\/wp-content\\\/uploads\\\/2021\\\/01\\\/logo.svg\",\"width\":112,\"height\":48,\"caption\":\"Azul\"},\"image\":{\"@id\":\"https:\\\/\\\/www.azul.com\\\/#\\\/schema\\\/logo\\\/image\\\/\"},\"sameAs\":[\"https:\\\/\\\/www.facebook.com\\\/AzulSystemsInc\",\"https:\\\/\\\/x.com\\\/azulsystems\",\"https:\\\/\\\/www.youtube.com\\\/channel\\\/UCSoJZa--HhjV9iXtbHUmm8A\",\"https:\\\/\\\/www.linkedin.com\\\/company\\\/azul-systems\"]}]}<\/script>\n<!-- \/ Yoast SEO Premium plugin. -->","yoast_head_json":{"title":"Java Garbage Collection Logs and Application Performance - Azul | Better Java Performance, Superior Java Support","robots":{"index":"index","follow":"follow","max-snippet":"max-snippet:-1","max-image-preview":"max-image-preview:large","max-video-preview":"max-video-preview:-1"},"canonical":"https:\/\/www.azul.com\/fr\/garbage-collection-log-performance\/","og_locale":"fr_FR","og_type":"article","og_title":"Java Garbage Collection Logs and Application Performance","og_url":"https:\/\/www.azul.com\/fr\/garbage-collection-log-performance\/","og_site_name":"Azul | Better Java Performance, Superior Java Support","article_publisher":"https:\/\/www.facebook.com\/AzulSystemsInc","article_modified_time":"2025-07-02T14:38:26+00:00","og_image":[{"width":1200,"height":675,"url":"https:\/\/www.azul.com\/wp-content\/uploads\/Java-GC-Twitter-1600-x-900-px-copy.jpg","type":"image\/jpeg"}],"twitter_card":"summary_large_image","twitter_site":"@azulsystems","twitter_misc":{"Est. reading time":"1 minute"},"schema":{"@context":"https:\/\/schema.org","@graph":[{"@type":"WebPage","@id":"https:\/\/www.azul.com\/fr\/garbage-collection-log-performance\/","url":"https:\/\/www.azul.com\/fr\/garbage-collection-log-performance\/","name":"Java Garbage Collection Logs and Application Performance - Azul | Better Java Performance, Superior Java Support","isPartOf":{"@id":"https:\/\/www.azul.com\/#website"},"primaryImageOfPage":{"@id":"https:\/\/www.azul.com\/fr\/garbage-collection-log-performance\/#primaryimage"},"image":{"@id":"https:\/\/www.azul.com\/fr\/garbage-collection-log-performance\/#primaryimage"},"thumbnailUrl":"https:\/\/www.azul.com\/wp-content\/uploads\/Java-GC-Twitter-1600-x-900-px-copy.jpg","datePublished":"2025-05-22T21:41:18+00:00","dateModified":"2025-07-02T14:38:26+00:00","breadcrumb":{"@id":"https:\/\/www.azul.com\/fr\/garbage-collection-log-performance\/#breadcrumb"},"inLanguage":"fr-FR","potentialAction":[{"@type":"ReadAction","target":["https:\/\/www.azul.com\/fr\/garbage-collection-log-performance\/"]}]},{"@type":"ImageObject","inLanguage":"fr-FR","@id":"https:\/\/www.azul.com\/fr\/garbage-collection-log-performance\/#primaryimage","url":"https:\/\/www.azul.com\/wp-content\/uploads\/Java-GC-Twitter-1600-x-900-px-copy.jpg","contentUrl":"https:\/\/www.azul.com\/wp-content\/uploads\/Java-GC-Twitter-1600-x-900-px-copy.jpg","width":1200,"height":675},{"@type":"BreadcrumbList","@id":"https:\/\/www.azul.com\/fr\/garbage-collection-log-performance\/#breadcrumb","itemListElement":[{"@type":"ListItem","position":1,"name":"Home","item":"https:\/\/www.azul.com\/fr\/"},{"@type":"ListItem","position":2,"name":"Java Garbage Collection Logs and Application Performance"}]},{"@type":"WebSite","@id":"https:\/\/www.azul.com\/#website","url":"https:\/\/www.azul.com\/","name":"Azul | Better Java Performance, Superior Java Support","description":"","publisher":{"@id":"https:\/\/www.azul.com\/#organization"},"potentialAction":[{"@type":"SearchAction","target":{"@type":"EntryPoint","urlTemplate":"https:\/\/www.azul.com\/?s={search_term_string}"},"query-input":{"@type":"PropertyValueSpecification","valueRequired":true,"valueName":"search_term_string"}}],"inLanguage":"fr-FR"},{"@type":"Organization","@id":"https:\/\/www.azul.com\/#organization","name":"Azul","alternateName":"Azul Systems","url":"https:\/\/www.azul.com\/","logo":{"@type":"ImageObject","inLanguage":"fr-FR","@id":"https:\/\/www.azul.com\/#\/schema\/logo\/image\/","url":"https:\/\/www.azul.com\/wp-content\/uploads\/2021\/01\/logo.svg","contentUrl":"https:\/\/www.azul.com\/wp-content\/uploads\/2021\/01\/logo.svg","width":112,"height":48,"caption":"Azul"},"image":{"@id":"https:\/\/www.azul.com\/#\/schema\/logo\/image\/"},"sameAs":["https:\/\/www.facebook.com\/AzulSystemsInc","https:\/\/x.com\/azulsystems","https:\/\/www.youtube.com\/channel\/UCSoJZa--HhjV9iXtbHUmm8A","https:\/\/www.linkedin.com\/company\/azul-systems"]}]}},"_links":{"self":[{"href":"https:\/\/www.azul.com\/fr\/wp-json\/wp\/v2\/pages\/84563","targetHints":{"allow":["GET"]}}],"collection":[{"href":"https:\/\/www.azul.com\/fr\/wp-json\/wp\/v2\/pages"}],"about":[{"href":"https:\/\/www.azul.com\/fr\/wp-json\/wp\/v2\/types\/page"}],"author":[{"embeddable":true,"href":"https:\/\/www.azul.com\/fr\/wp-json\/wp\/v2\/users\/7"}],"replies":[{"embeddable":true,"href":"https:\/\/www.azul.com\/fr\/wp-json\/wp\/v2\/comments?post=84563"}],"version-history":[{"count":0,"href":"https:\/\/www.azul.com\/fr\/wp-json\/wp\/v2\/pages\/84563\/revisions"}],"wp:featuredmedia":[{"embeddable":true,"href":"https:\/\/www.azul.com\/fr\/wp-json\/wp\/v2\/media\/84579"}],"wp:attachment":[{"href":"https:\/\/www.azul.com\/fr\/wp-json\/wp\/v2\/media?parent=84563"}],"wp:term":[{"taxonomy":"context_class","embeddable":true,"href":"https:\/\/www.azul.com\/fr\/wp-json\/wp\/v2\/context_class?post=84563"}],"curies":[{"name":"wp","href":"https:\/\/api.w.org\/{rel}","templated":true}]}}