{"id":90270,"date":"2026-01-27T17:53:50","date_gmt":"2026-01-27T17:53:50","guid":{"rendered":"https:\/\/www.azul.com\/?page_id=90270"},"modified":"2026-03-06T19:10:25","modified_gmt":"2026-03-06T19:10:25","slug":"state-of-java-2026","status":"publish","type":"page","link":"https:\/\/www.azul.com\/fr\/state-of-java-2026\/","title":{"rendered":"State of Java 2026"},"content":{"rendered":"\n\n\n<section    class=\"c-hero-form-intro c-hero-form-intro--color-dark c-hero-form-intro--mt-default c-hero-form-intro--mb-default c-hero-form-intro--pt-default c-hero-form-intro--pb-default c-hero-form-intro--color-1 o-component o-component--color-dark o-component--mt-default o-component--mb-default o-component--pt-default o-component--pb-default\"\n\n            id=\"block_2d67c7efafd1f872a7936ebdfcf65f7f\"\n    \n    >\n    \n    <div class=\"o-component__wrap\">\n        \n<div class=\"l-overlapping-sidebar\">\n    <div class=\"l-overlapping-sidebar__top\">\n        <div class=\"o-container\">\n            <div class=\"l-overlapping-sidebar__grid\">\n                <div class=\"l-overlapping-sidebar__grid-inner\">\n                                            \n  <div class=\"c-hero-form-intro__hero-background o-image o-image--cover o-image--no-radius\">\n\n  <img class=\"o-image__image\" src=\"https:\/\/azul.imgix.net\/wp-content\/uploads\/SoJ26-Homepage-Banner-1440x525-1.png?auto=format&crop=faces,entropy&fit=max&q=80&s=4a4cf105f9ab7067f42d25c397b9bad4\" alt=\"\" decoding=\"async\" loading=\"lazy\">\n\n\n  <\/div>\n                    \n                    <div class=\"c-hero-form-intro__hero\">\n                        \n                                                    \n<h1  class=\"c-hero-form-intro__hero-headline o-headline o-headline--h1 o-headline--gradient-text s-medium\"\n  style=\"--setting--color: #ffffff; --setting--font-weight: 700; --setting--gradient-end-color: #75d9b3; --setting--gradient-start-color: #9473eb;\"  >\n  Enqu\u00eate et rapport sur l&rsquo;\u00e9tat de Java en 2026<\/h1>\n\n                                                    \n                                                    \n<h2  class=\"c-hero-form-intro__hero-description o-description o-description--h4 s-wysiwyg s-wysiwyg--description\"\n\n  style=\"--setting--color: #ffffff;\">\n  <p>Les enseignements tir\u00e9s de plus de 2\u00a0000 utilisateurs de Java \u00e0 travers le monde r\u00e9v\u00e8lent les tendances Java de 2026 qui alimenteront la prochaine \u00e8re d&rsquo;innovation.<\/p>\n<\/h2>\n\n                                                    \n                                            <\/div>\n                <\/div>\n            <\/div>\n        <\/div>\n    <\/div>\n\n    <div class=\"l-overlapping-sidebar__right\">\n        <div class=\"o-container\">\n            <div class=\"l-overlapping-sidebar__grid\">\n                <div class=\"l-overlapping-sidebar__grid-inner\">\n                    <div\n                        class=\"c-hero-form-intro__form c-hero-form-intro__form--background c-hero-form-intro__form--shadow\"\n\n                        style=\"--setting--form-background-color: rgb(255,255,255);\"                    >\n                        \n  \n  <script src=\"\/\/info.azul.com\/rs\/055-WYU-308\/images\/azul-form-translations-french.js\"><\/script>\n\n  <div\n    class=\"s-form-marketo s-form-marketo--hero-form-intro s-form-marketo--button-style-gradient s-form-marketo--hide-field-labels s-form-marketo--format-legal-text js-marketo-form\"\n\n    style=\"--setting--form-input-label-color: rgb(107,119,150); --setting--form-input-placeholder-color: rgb(107,119,150); --setting--form-input-text-color: rgb(22,34,65); --setting--form-input-border-color: rgb(163,172,194); --setting--form-button-color-primary: rgb(139,43,124); --setting--form-button-color-secondary: rgb(153,57,190); --setting--form-button-text-color: rgb(255,255,255);\"\n    data-form-number=\"1308\"\n    data-form-instance=\"1\"\n\n    \n      >\n          \n<h3  class=\"o-headline o-headline--left o-headline--h4 s-medium\"\n  style=\"--setting--color: #162241;\"  >\n  Lire l&rsquo;enqu\u00eate<\/h3>\n    \n    <form id=\"mktoForm_1308\"><\/form>\n\n    <script class=\"js-marketo-form-data\" type=\"application\/json\">\n      {\"\":null,\"form_headline\":{\"headline\":\"<p>Lire l'enqu\\u00eate<\\\/p>\",\"headline_options\":{\"color\":\"#162241\",\"size\":\"h4\",\"weight\":\"\",\"width\":\"\",\"gradient_text\":{\"use_gradient_text\":false,\"start_color\":\"\",\"end_color\":\"\"}}},\"form_number\":\"1308\",\"form_redirect_enabled\":true,\"redirect\":{\"title\":\"\",\"url\":\"https:\\\/\\\/www.azul.com\\\/fr\\\/state-of-java-2026-thank-you\\\/\",\"target\":\"\"},\"form_translation_disable\":false,\"zi_id\":\"\",\"zi_fields\":[],\"zi_lookup_field\":\"\",\"cookie_name\":\"\",\"cookie_redirect\":true,\"drift_playbook_campaign_id\":\"\",\"input\":{\"label_color\":\"rgb(107,119,150)\",\"placeholder_color\":\"rgb(107,119,150)\",\"text_color\":\"rgb(22,34,65)\",\"border_color\":\"rgb(163,172,194)\",\"background_color\":null},\"button\":{\"style\":\"gradient\",\"color_primary\":\"rgb(139,43,124)\",\"color_secondary\":\"rgb(153,57,190)\",\"text_color\":\"rgb(255,255,255)\"},\"language\":\"fr\",\"marketo_domain\":\"info.azul.com\",\"munchkin_id\":\"055-WYU-308\",\"hide_field_labels\":true,\"format_legal_text\":true}    <\/script>\n  <\/div>\n                    <\/div>\n                <\/div>\n            <\/div>\n        <\/div>\n    <\/div>\n\n    <div class=\"l-overlapping-sidebar__left\">\n        <div class=\"o-container\">\n            <div class=\"l-overlapping-sidebar__grid\">\n                <div class=\"l-overlapping-sidebar__grid-inner\">\n                    <div class=\"c-hero-form-intro__intro\">\n                                                    \n  <div class=\"c-hero-form-intro__intro-image o-image\">\n\n  <img class=\"o-image__image\" src=\"https:\/\/azul.imgix.net\/wp-content\/uploads\/soj-26.png?auto=format&crop=faces,entropy&fit=max&q=80&s=236b6ac6fb1da64aea23478fa2a35d97\" alt=\"Read the 2026 State of Java Survey &#038; Report\" decoding=\"async\" loading=\"lazy\">\n\n\n  <\/div>\n                        \n                        \n                                                    \n<div  class=\"c-hero-form-intro__intro-description o-description o-description--h5 s-wysiwyg s-wysiwyg--description\"\n\n  style=\"--setting--color: #162241;\">\n  <p>En 2026, le paysage des entreprises \u00e9volue plus rapidement que jamais, et l&rsquo;\u00e9cosyst\u00e8me Java continue de se transformer \u00e0 un rythme qui le maintient au c\u0153ur de l&rsquo;innovation moderne. L&rsquo;IA bouleverse des secteurs entiers, les architectures cloud sont r\u00e9invent\u00e9es et les organisations sont soumises \u00e0 une pression croissante pour produire davantage avec une efficacit\u00e9 accrue.<\/p>\n<p>Dans ce document, vous d\u00e9couvrirez comment :<\/p>\n<\/div>\n                        \n                        \n                                                    <div class=\"c-hero-form-intro__intro-features\" role=\"list\">\n                                                                                                            <div class=\"c-hero-form-intro__intro-feature\" role=\"listitem\">\n                                            Les avanc\u00e9es de la plateforme Java, adapt\u00e9es \u00e0 l&rsquo;intelligence artificielle, permettent aux \u00e9quipes de concevoir et d&rsquo;exploiter des applications intelligentes \u00e0 grande \u00e9chelle en toute confiance.                                        <\/div>\n                                                                                                                                                <div class=\"c-hero-form-intro__intro-feature\" role=\"listitem\">\n                                            Les gains de performance offerts par les technologies natives du cloud permettent une modernisation plus rapide, une plus grande efficacit\u00e9 et des op\u00e9rations plus fluides dans les environnements distribu\u00e9s.                                        <\/div>\n                                                                                                                                                <div class=\"c-hero-form-intro__intro-feature\" role=\"listitem\">\n                                            Une plateforme Java haute performance est l&rsquo;une des principales strat\u00e9gies pour r\u00e9duire les co\u00fbts du cloud public.                                        <\/div>\n                                                                                                                                                <div class=\"c-hero-form-intro__intro-feature\" role=\"listitem\">\n                                            Le code obsol\u00e8te et inutilis\u00e9 nuit insidieusement \u00e0 la productivit\u00e9 de DevOps, et bien plus encore&#8230;                                        <\/div>\n                                                                                                <\/div>\n                                            <\/div>\n                <\/div>\n            <\/div>\n        <\/div>\n    <\/div>\n<\/div>\n\n      <\/div>\n<\/section>\n\n\n\n\n\n<section    class=\"c-section-head c-section-head--color-dark c-section-head--mt-none c-section-head--mb-none c-section-head--pt-none c-section-head--pb-none c-section-head--color-1 o-component o-component--color-dark o-component--mt-none o-component--mb-none o-component--pt-none o-component--pb-none\"\n\n            id=\"block_089cc9f81417f5a1d76cc5e68e6f7099\"\n    \n    >\n    \n    <div class=\"o-component__wrap\">\n                    <div class=\"o-container\">\n        \n\n  <header class=\"o-section-head o-section-head--left o-section-head--color-dark o-section-head--ctas-standard\">\n    \n    \n    \n          \n<div  class=\"o-section-head__desc o-description o-description--h5 s-wysiwyg s-wysiwyg--description\"\n\n  >\n  <p>T\u00e9l\u00e9chargez le rapport et d\u00e9couvrez pourquoi l&rsquo;avenir de Java n&rsquo;a jamais \u00e9t\u00e9 aussi prometteur.<\/p>\n<\/div>\n    \n      <\/header>\n\n          <\/div>\n      <\/div>\n<\/section>\n\n\n\n\n\n<section    class=\"c-logos c-logos--color-dark c-logos--color-1 o-component o-component--color-dark\"\n\n            id=\"block_742e603dcbff3bf3ba8bcf99b2857eb1\"\n    \n    >\n    \n    <div class=\"o-component__wrap\">\n                    <div class=\"o-container\">\n        \n  \n  <header class=\"c-logos__section-head o-section-head o-section-head--center o-section-head--color-dark o-section-head--ctas-standard\">\n    \n    \n          \n<h2  class=\"o-section-head__headline o-headline o-headline--h4 s-medium\"\n    >\n  Azul offre une \u00e9volutivit\u00e9 et des performances exceptionnelles \u00e0<\/h2>\n\n          \n    \n      <\/header>\n\n  <div class=\"c-logos__grid c-logos__grid--autofill\">\n                  \n  <div class=\"c-logos__logo o-image o-image--contain o-image--max-height o-image--no-radius\">\n\n  <img class=\"o-image__image\" src=\"https:\/\/azul.imgix.net\/wp-content\/uploads\/adobe.png?auto=format&crop=faces,entropy&fit=max&q=80&s=61fe1ad975fd2a5d1685fb8f15483b87\" alt=\"\" decoding=\"async\" loading=\"lazy\">\n\n\n  <\/div>\n                        \n  <div class=\"c-logos__logo o-image o-image--contain o-image--max-height o-image--no-radius\">\n\n  <img class=\"o-image__image\" src=\"https:\/\/azul.imgix.net\/wp-content\/uploads\/lyft.png?auto=format&crop=faces,entropy&fit=max&q=80&s=3a43c1d807d44f45f19af5d4a98e7708\" alt=\"\" decoding=\"async\" loading=\"lazy\">\n\n\n  <\/div>\n                        \n  <div class=\"c-logos__logo o-image o-image--contain o-image--max-height o-image--no-radius\">\n\n  <img class=\"o-image__image\" src=\"https:\/\/azul.imgix.net\/wp-content\/uploads\/salesforce.png?auto=format&crop=faces,entropy&fit=max&q=80&s=c0ed1e1d187859387d25099f20cca01e\" alt=\"\" decoding=\"async\" loading=\"lazy\">\n\n\n  <\/div>\n                        \n  <div class=\"c-logos__logo o-image o-image--contain o-image--max-height o-image--no-radius\">\n\n  <img class=\"o-image__image\" src=\"https:\/\/azul.imgix.net\/wp-content\/uploads\/priceline.png?auto=format&crop=faces,entropy&fit=max&q=80&s=363332a99ae6cc4474cd2658f55f7a3f\" alt=\"\" decoding=\"async\" loading=\"lazy\">\n\n\n  <\/div>\n                        \n  <div class=\"c-logos__logo o-image o-image--contain o-image--max-height o-image--no-radius\">\n\n  <img class=\"o-image__image\" src=\"https:\/\/azul.imgix.net\/wp-content\/uploads\/starbucks.png?auto=format&crop=faces,entropy&fit=max&q=80&s=97a519fa9d4fbf9df69e4491985eb931\" alt=\"\" decoding=\"async\" loading=\"lazy\">\n\n\n  <\/div>\n                        \n  <div class=\"c-logos__logo o-image o-image--contain o-image--max-height o-image--no-radius\">\n\n  <img class=\"o-image__image\" src=\"https:\/\/azul.imgix.net\/wp-content\/uploads\/BoA.png?auto=format&crop=faces,entropy&fit=max&q=80&s=c17a0c98cd3513485c3f94322f5b2d2f\" alt=\"\" decoding=\"async\" loading=\"lazy\">\n\n\n  <\/div>\n                        \n  <div class=\"c-logos__logo o-image o-image--contain o-image--max-height o-image--no-radius\">\n\n  <img class=\"o-image__image\" src=\"https:\/\/azul.imgix.net\/wp-content\/uploads\/hsbc.png?auto=format&crop=faces,entropy&fit=max&q=80&s=db1dac8062ecfb632e52d55ae60fbace\" alt=\"\" decoding=\"async\" loading=\"lazy\">\n\n\n  <\/div>\n                        \n  <div class=\"c-logos__logo o-image o-image--contain o-image--max-height o-image--no-radius\">\n\n  <img class=\"o-image__image\" src=\"https:\/\/azul.imgix.net\/wp-content\/uploads\/mastercard.png?auto=format&crop=faces,entropy&fit=max&q=80&s=4a04bbaa7529c55a99d466a3346a80f9\" alt=\"\" decoding=\"async\" loading=\"lazy\">\n\n\n  <\/div>\n                        \n  <div class=\"c-logos__logo o-image o-image--contain o-image--max-height o-image--no-radius\">\n\n  <img class=\"o-image__image\" src=\"https:\/\/azul.imgix.net\/wp-content\/uploads\/workday.png?auto=format&crop=faces,entropy&fit=max&q=80&s=fb060d2c6f9a175cea6fd8f73173fc36\" alt=\"\" decoding=\"async\" loading=\"lazy\">\n\n\n  <\/div>\n                        \n  <div class=\"c-logos__logo o-image o-image--contain o-image--max-height o-image--no-radius\">\n\n  <img class=\"o-image__image\" src=\"https:\/\/azul.imgix.net\/wp-content\/uploads\/netflix.png?auto=format&crop=faces,entropy&fit=max&q=80&s=88e579daf230fbd743586f92b0eeb2d1\" alt=\"\" decoding=\"async\" loading=\"lazy\">\n\n\n  <\/div>\n            <\/div>\n\n          <\/div>\n      <\/div>\n<\/section>\n","protected":false},"excerpt":{"rendered":"","protected":false},"author":7,"featured_media":91089,"parent":0,"menu_order":6,"comment_status":"closed","ping_status":"closed","template":"templates\/no-nav.php","meta":{"_acf_changed":false,"footnotes":""},"context_class":[],"class_list":["post-90270","page","type-page","status-publish","has-post-thumbnail","hentry"],"acf":{"nav_logo_alignment":"left","page_requires_cookie":false,"enable_popup_form":false},"yoast_head":"<!-- This site is optimized with the Yoast SEO Premium plugin v26.7 (Yoast SEO v26.9) - https:\/\/yoast.com\/product\/yoast-seo-premium-wordpress\/ -->\n<title>State of Java 2026 - Azul | Better Java Performance, Superior Java Support<\/title>\n<meta name=\"description\" content=\"Les enseignements tir\u00e9s de plus de 2\u00a0000 utilisateurs de Java \u00e0 travers le monde r\u00e9v\u00e8lent les tendances Java de 2026 qui alimenteront la prochaine \u00e8re d&#039;innovation.\" \/>\n<meta name=\"robots\" content=\"index, follow, max-snippet:-1, max-image-preview:large, max-video-preview:-1\" \/>\n<link rel=\"canonical\" href=\"https:\/\/www.azul.com\/fr\/state-of-java-2026\/\" \/>\n<meta property=\"og:locale\" content=\"fr_FR\" \/>\n<meta property=\"og:type\" content=\"article\" \/>\n<meta property=\"og:title\" content=\"State of Java 2026\" \/>\n<meta property=\"og:url\" content=\"https:\/\/www.azul.com\/fr\/state-of-java-2026\/\" \/>\n<meta property=\"og:site_name\" content=\"Azul | Better Java Performance, Superior Java Support\" \/>\n<meta property=\"article:publisher\" content=\"https:\/\/www.facebook.com\/AzulSystemsInc\" \/>\n<meta property=\"article:modified_time\" content=\"2026-03-06T19:10:25+00:00\" \/>\n<meta property=\"og:image\" content=\"https:\/\/www.azul.com\/wp-content\/uploads\/French.png\" \/>\n\t<meta property=\"og:image:width\" content=\"1545\" \/>\n\t<meta property=\"og:image:height\" content=\"2000\" \/>\n\t<meta property=\"og:image:type\" content=\"image\/png\" \/>\n<meta name=\"twitter:card\" content=\"summary_large_image\" \/>\n<meta name=\"twitter:site\" content=\"@azulsystems\" \/>\n<meta name=\"twitter:label1\" content=\"Est. reading time\" \/>\n\t<meta name=\"twitter:data1\" content=\"1 minute\" \/>\n<script type=\"application\/ld+json\" class=\"yoast-schema-graph\">{\"@context\":\"https:\/\/schema.org\",\"@graph\":[{\"@type\":\"WebPage\",\"@id\":\"https:\/\/www.azul.com\/fr\/state-of-java-2026\/\",\"url\":\"https:\/\/www.azul.com\/fr\/state-of-java-2026\/\",\"name\":\"State of Java 2026 - Azul | Better Java Performance, Superior Java Support\",\"isPartOf\":{\"@id\":\"https:\/\/www.azul.com\/#website\"},\"primaryImageOfPage\":{\"@id\":\"https:\/\/www.azul.com\/fr\/state-of-java-2026\/#primaryimage\"},\"image\":{\"@id\":\"https:\/\/www.azul.com\/fr\/state-of-java-2026\/#primaryimage\"},\"thumbnailUrl\":\"https:\/\/www.azul.com\/wp-content\/uploads\/French.png\",\"datePublished\":\"2026-01-27T17:53:50+00:00\",\"dateModified\":\"2026-03-06T19:10:25+00:00\",\"description\":\"Les enseignements tir\u00e9s de plus de 2\u00a0000 utilisateurs de Java \u00e0 travers le monde r\u00e9v\u00e8lent les tendances Java de 2026 qui alimenteront la prochaine \u00e8re d'innovation.\",\"breadcrumb\":{\"@id\":\"https:\/\/www.azul.com\/fr\/state-of-java-2026\/#breadcrumb\"},\"inLanguage\":\"fr-FR\",\"potentialAction\":[{\"@type\":\"ReadAction\",\"target\":[\"https:\/\/www.azul.com\/fr\/state-of-java-2026\/\"]}]},{\"@type\":\"ImageObject\",\"inLanguage\":\"fr-FR\",\"@id\":\"https:\/\/www.azul.com\/fr\/state-of-java-2026\/#primaryimage\",\"url\":\"https:\/\/www.azul.com\/wp-content\/uploads\/French.png\",\"contentUrl\":\"https:\/\/www.azul.com\/wp-content\/uploads\/French.png\",\"width\":1545,\"height\":2000},{\"@type\":\"BreadcrumbList\",\"@id\":\"https:\/\/www.azul.com\/fr\/state-of-java-2026\/#breadcrumb\",\"itemListElement\":[{\"@type\":\"ListItem\",\"position\":1,\"name\":\"Home\",\"item\":\"https:\/\/www.azul.com\/fr\/\"},{\"@type\":\"ListItem\",\"position\":2,\"name\":\"State of Java 2026\"}]},{\"@type\":\"WebSite\",\"@id\":\"https:\/\/www.azul.com\/#website\",\"url\":\"https:\/\/www.azul.com\/\",\"name\":\"Azul | Better Java Performance, Superior Java Support\",\"description\":\"\",\"publisher\":{\"@id\":\"https:\/\/www.azul.com\/#organization\"},\"potentialAction\":[{\"@type\":\"SearchAction\",\"target\":{\"@type\":\"EntryPoint\",\"urlTemplate\":\"https:\/\/www.azul.com\/?s={search_term_string}\"},\"query-input\":{\"@type\":\"PropertyValueSpecification\",\"valueRequired\":true,\"valueName\":\"search_term_string\"}}],\"inLanguage\":\"fr-FR\"},{\"@type\":\"Organization\",\"@id\":\"https:\/\/www.azul.com\/#organization\",\"name\":\"Azul\",\"alternateName\":\"Azul Systems\",\"url\":\"https:\/\/www.azul.com\/\",\"logo\":{\"@type\":\"ImageObject\",\"inLanguage\":\"fr-FR\",\"@id\":\"https:\/\/www.azul.com\/#\/schema\/logo\/image\/\",\"url\":\"https:\/\/www.azul.com\/wp-content\/uploads\/2021\/01\/logo.svg\",\"contentUrl\":\"https:\/\/www.azul.com\/wp-content\/uploads\/2021\/01\/logo.svg\",\"width\":112,\"height\":48,\"caption\":\"Azul\"},\"image\":{\"@id\":\"https:\/\/www.azul.com\/#\/schema\/logo\/image\/\"},\"sameAs\":[\"https:\/\/www.facebook.com\/AzulSystemsInc\",\"https:\/\/x.com\/azulsystems\",\"https:\/\/www.youtube.com\/channel\/UCSoJZa--HhjV9iXtbHUmm8A\",\"https:\/\/www.linkedin.com\/company\/azul-systems\"]}]}<\/script>\n<!-- \/ Yoast SEO Premium plugin. -->","yoast_head_json":{"title":"State of Java 2026 - Azul | Better Java Performance, Superior Java Support","description":"Les enseignements tir\u00e9s de plus de 2\u00a0000 utilisateurs de Java \u00e0 travers le monde r\u00e9v\u00e8lent les tendances Java de 2026 qui alimenteront la prochaine \u00e8re d'innovation.","robots":{"index":"index","follow":"follow","max-snippet":"max-snippet:-1","max-image-preview":"max-image-preview:large","max-video-preview":"max-video-preview:-1"},"canonical":"https:\/\/www.azul.com\/fr\/state-of-java-2026\/","og_locale":"fr_FR","og_type":"article","og_title":"State of Java 2026","og_url":"https:\/\/www.azul.com\/fr\/state-of-java-2026\/","og_site_name":"Azul | Better Java Performance, Superior Java Support","article_publisher":"https:\/\/www.facebook.com\/AzulSystemsInc","article_modified_time":"2026-03-06T19:10:25+00:00","og_image":[{"width":1545,"height":2000,"url":"https:\/\/www.azul.com\/wp-content\/uploads\/French.png","type":"image\/png"}],"twitter_card":"summary_large_image","twitter_site":"@azulsystems","twitter_misc":{"Est. reading time":"1 minute"},"schema":{"@context":"https:\/\/schema.org","@graph":[{"@type":"WebPage","@id":"https:\/\/www.azul.com\/fr\/state-of-java-2026\/","url":"https:\/\/www.azul.com\/fr\/state-of-java-2026\/","name":"State of Java 2026 - Azul | Better Java Performance, Superior Java Support","isPartOf":{"@id":"https:\/\/www.azul.com\/#website"},"primaryImageOfPage":{"@id":"https:\/\/www.azul.com\/fr\/state-of-java-2026\/#primaryimage"},"image":{"@id":"https:\/\/www.azul.com\/fr\/state-of-java-2026\/#primaryimage"},"thumbnailUrl":"https:\/\/www.azul.com\/wp-content\/uploads\/French.png","datePublished":"2026-01-27T17:53:50+00:00","dateModified":"2026-03-06T19:10:25+00:00","description":"Les enseignements tir\u00e9s de plus de 2\u00a0000 utilisateurs de Java \u00e0 travers le monde r\u00e9v\u00e8lent les tendances Java de 2026 qui alimenteront la prochaine \u00e8re d'innovation.","breadcrumb":{"@id":"https:\/\/www.azul.com\/fr\/state-of-java-2026\/#breadcrumb"},"inLanguage":"fr-FR","potentialAction":[{"@type":"ReadAction","target":["https:\/\/www.azul.com\/fr\/state-of-java-2026\/"]}]},{"@type":"ImageObject","inLanguage":"fr-FR","@id":"https:\/\/www.azul.com\/fr\/state-of-java-2026\/#primaryimage","url":"https:\/\/www.azul.com\/wp-content\/uploads\/French.png","contentUrl":"https:\/\/www.azul.com\/wp-content\/uploads\/French.png","width":1545,"height":2000},{"@type":"BreadcrumbList","@id":"https:\/\/www.azul.com\/fr\/state-of-java-2026\/#breadcrumb","itemListElement":[{"@type":"ListItem","position":1,"name":"Home","item":"https:\/\/www.azul.com\/fr\/"},{"@type":"ListItem","position":2,"name":"State of Java 2026"}]},{"@type":"WebSite","@id":"https:\/\/www.azul.com\/#website","url":"https:\/\/www.azul.com\/","name":"Azul | Better Java Performance, Superior Java Support","description":"","publisher":{"@id":"https:\/\/www.azul.com\/#organization"},"potentialAction":[{"@type":"SearchAction","target":{"@type":"EntryPoint","urlTemplate":"https:\/\/www.azul.com\/?s={search_term_string}"},"query-input":{"@type":"PropertyValueSpecification","valueRequired":true,"valueName":"search_term_string"}}],"inLanguage":"fr-FR"},{"@type":"Organization","@id":"https:\/\/www.azul.com\/#organization","name":"Azul","alternateName":"Azul Systems","url":"https:\/\/www.azul.com\/","logo":{"@type":"ImageObject","inLanguage":"fr-FR","@id":"https:\/\/www.azul.com\/#\/schema\/logo\/image\/","url":"https:\/\/www.azul.com\/wp-content\/uploads\/2021\/01\/logo.svg","contentUrl":"https:\/\/www.azul.com\/wp-content\/uploads\/2021\/01\/logo.svg","width":112,"height":48,"caption":"Azul"},"image":{"@id":"https:\/\/www.azul.com\/#\/schema\/logo\/image\/"},"sameAs":["https:\/\/www.facebook.com\/AzulSystemsInc","https:\/\/x.com\/azulsystems","https:\/\/www.youtube.com\/channel\/UCSoJZa--HhjV9iXtbHUmm8A","https:\/\/www.linkedin.com\/company\/azul-systems"]}]}},"_links":{"self":[{"href":"https:\/\/www.azul.com\/fr\/wp-json\/wp\/v2\/pages\/90270","targetHints":{"allow":["GET"]}}],"collection":[{"href":"https:\/\/www.azul.com\/fr\/wp-json\/wp\/v2\/pages"}],"about":[{"href":"https:\/\/www.azul.com\/fr\/wp-json\/wp\/v2\/types\/page"}],"author":[{"embeddable":true,"href":"https:\/\/www.azul.com\/fr\/wp-json\/wp\/v2\/users\/7"}],"replies":[{"embeddable":true,"href":"https:\/\/www.azul.com\/fr\/wp-json\/wp\/v2\/comments?post=90270"}],"version-history":[{"count":0,"href":"https:\/\/www.azul.com\/fr\/wp-json\/wp\/v2\/pages\/90270\/revisions"}],"wp:featuredmedia":[{"embeddable":true,"href":"https:\/\/www.azul.com\/fr\/wp-json\/wp\/v2\/media\/91089"}],"wp:attachment":[{"href":"https:\/\/www.azul.com\/fr\/wp-json\/wp\/v2\/media?parent=90270"}],"wp:term":[{"taxonomy":"context_class","embeddable":true,"href":"https:\/\/www.azul.com\/fr\/wp-json\/wp\/v2\/context_class?post=90270"}],"curies":[{"name":"wp","href":"https:\/\/api.w.org\/{rel}","templated":true}]}}